{"id":601,"date":"2020-05-08T11:58:22","date_gmt":"2020-05-08T09:58:22","guid":{"rendered":"https:\/\/web.gorgees.com\/?page_id=601"},"modified":"2020-05-29T09:53:27","modified_gmt":"2020-05-29T07:53:27","slug":"reclamaciones-civiles","status":"publish","type":"page","link":"https:\/\/web.gorgees.com\/index.php\/reclamaciones-civiles\/","title":{"rendered":"Reclamaciones Civiles"},"content":{"rendered":"<p>[et_pb_section fb_built=\u00bb1&#8243; module_id=\u00bbciviles\u00bb _builder_version=\u00bb4.4.2&#8243; custom_margin=\u00bb||24px|||\u00bb custom_padding=\u00bb0px||0px||false|false\u00bb][et_pb_row _builder_version=\u00bb4.4.2&#8243; custom_margin=\u00bb|auto|-28px|auto||\u00bb custom_padding=\u00bb40px|||||\u00bb][et_pb_column type=\u00bb4_4&#8243; _builder_version=\u00bb4.4.2&#8243;][et_pb_text _builder_version=\u00bb4.4.4&#8243; header_text_align=\u00bbleft\u00bb custom_margin=\u00bb0px|||25px|false|false\u00bb custom_padding=\u00bb|50px|||false|false\u00bb link_option_url=\u00bbhttps:\/\/web.gorgees.com\/index.php\/reclamaciones-civiles\/\u00bb header_font_size_tablet=\u00bb\u00bb header_font_size_phone=\u00bb\u00bb header_font_size_last_edited=\u00bbon|phone\u00bb]<\/p>\n<h1 style=\"text-align: center;\">RECLAMACIONES CIVILES<\/h1>\n<p>[\/et_pb_text][\/et_pb_column][\/et_pb_row][et_pb_row _builder_version=\u00bb4.4.2&#8243; width=\u00bb100%\u00bb custom_padding=\u00bb50px|||||\u00bb][et_pb_column type=\u00bb4_4&#8243; _builder_version=\u00bb4.4.2&#8243;][et_pb_text _builder_version=\u00bb4.4.4&#8243; custom_margin=\u00bb|||25px|false|false\u00bb]<\/p>\n<ul>\n<li><a href=\"https:\/\/web.gorgees.com\/index.php\/reclamaciones-civiles\/#contratos\"><span>CONTRATOS<\/span><\/a><\/li>\n<li><span><a href=\"https:\/\/web.gorgees.com\/index.php\/reclamaciones-civiles\/#notariales\">ESCRITURAS NOTARIALES<\/a><span class=\"Apple-converted-space\">\u00a0<\/span><\/span><\/li>\n<li><a href=\"https:\/\/web.gorgees.com\/index.php\/reclamaciones-civiles\/#seguros\"><span>RECLAMACIONES A SEGUROS<\/span><\/a><\/li>\n<li><a href=\"https:\/\/web.gorgees.com\/index.php\/reclamaciones-civiles\/#desahucios\"><span>DESAHUCIOS ALQUILER<\/span><\/a><\/li>\n<\/ul>\n<p>[\/et_pb_text][\/et_pb_column][\/et_pb_row][\/et_pb_section][et_pb_section fb_built=\u00bb1&#8243; next_background_color=\u00bb#ffffff\u00bb module_id=\u00bbcontratos\u00bb _builder_version=\u00bb4.4.4&#8243; background_color=\u00bb#996633&#8243; transform_scale=\u00bb122%|122%\u00bb custom_padding=\u00bb14px||99px|||\u00bb bottom_divider_style=\u00bbramp2&#8243; hover_enabled=\u00bb0&#8243;][et_pb_row _builder_version=\u00bb4.4.2&#8243;][et_pb_column type=\u00bb4_4&#8243; _builder_version=\u00bb4.4.2&#8243;][et_pb_text _builder_version=\u00bb4.4.4&#8243; header_2_text_color=\u00bb#ffffff\u00bb custom_margin=\u00bb20px||||false|false\u00bb]<\/p>\n<h2 style=\"text-align: center;\">CONTRATOS<\/h2>\n<p>[\/et_pb_text][\/et_pb_column][\/et_pb_row][\/et_pb_section][et_pb_section fb_built=\u00bb1&#8243; _builder_version=\u00bb4.4.4&#8243;][et_pb_row _builder_version=\u00bb4.4.2&#8243;][et_pb_column type=\u00bb4_4&#8243; _builder_version=\u00bb4.4.2&#8243;][et_pb_text _builder_version=\u00bb4.4.4&#8243; text_font=\u00bb||||||||\u00bb text_font_size=\u00bb16px\u00bb header_font_size=\u00bb49px\u00bb header_2_font=\u00bb|600|||||||\u00bb header_2_text_align=\u00bbleft\u00bb header_2_line_height=\u00bb2em\u00bb header_5_line_height=\u00bb2em\u00bb text_orientation=\u00bbjustified\u00bb]<\/p>\n<h2><\/h2>\n<p><span>La redacci\u00f3n de un contrato, del tipo que sea, es fundamental para evitar pleitos futuros. Un contrato sacado de internet o realizado por persona sin profundos conocimientos legales puede conllevar la p\u00e9rdida de gran cantidad de dinero e incluso frustrar el objetivo del contrato.<span class=\"Apple-converted-space\">\u00a0<\/span><\/span><\/p>\n<p><span>Desde un contrato de alquiler, hasta una compraventa de piso (con arras o se\u00f1al, de lo que depender\u00e1 mucho sin son arras penitenciales o confirmatorias), o la redacci\u00f3n por parte de empresas de contratos con otras empresas o con aut\u00f3nomos, especialmente en caso de contratos de obra, son cuestiones que muchas veces no se da la importancia debida y cuando llegan al Despacho el problema que se<span class=\"Apple-converted-space\">\u00a0 <\/span>ha generado o bien es de dif\u00edcil salida o bien obliga a acudir a un largo y<span class=\"Apple-converted-space\">\u00a0 <\/span>a veces costoso juicio, cuando de haber acudido al Despacho previamente el coste hubiera sido m\u00ednimo y la soluci\u00f3n f\u00e1cil.<span class=\"Apple-converted-space\">\u00a0<\/span><\/span><\/p>\n<p><span>Los m\u00e9dicos dicen que m\u00e1s vale prevenir que curar; y los abogados que m\u00e1s vale asesorarte antes que pleitear despu\u00e9s.<\/span><\/p>\n<p>[\/et_pb_text][\/et_pb_column][\/et_pb_row][\/et_pb_section][et_pb_section fb_built=\u00bb1&#8243; next_background_color=\u00bb#ffffff\u00bb module_id=\u00bbnotariales\u00bb _builder_version=\u00bb4.4.4&#8243; background_color=\u00bb#996633&#8243; transform_scale=\u00bb122%|122%\u00bb custom_padding=\u00bb14px||99px|||\u00bb bottom_divider_style=\u00bbramp2&#8243;][et_pb_row _builder_version=\u00bb4.4.2&#8243;][et_pb_column type=\u00bb4_4&#8243; _builder_version=\u00bb4.4.2&#8243;][et_pb_text _builder_version=\u00bb4.4.4&#8243; header_2_text_color=\u00bb#ffffff\u00bb custom_margin=\u00bb20px||||false|false\u00bb]<\/p>\n<h2 style=\"text-align: center;\">ESCRITURAS NOTARIALES<\/h2>\n<p>[\/et_pb_text][\/et_pb_column][\/et_pb_row][\/et_pb_section][et_pb_section fb_built=\u00bb1&#8243; _builder_version=\u00bb4.4.4&#8243;][et_pb_row _builder_version=\u00bb4.4.2&#8243;][et_pb_column type=\u00bb4_4&#8243; _builder_version=\u00bb4.4.2&#8243;][et_pb_text _builder_version=\u00bb4.4.4&#8243; text_font=\u00bb||||||||\u00bb text_font_size=\u00bb16px\u00bb header_font_size=\u00bb49px\u00bb header_2_font=\u00bb|600|||||||\u00bb header_2_text_align=\u00bbleft\u00bb header_2_line_height=\u00bb2em\u00bb header_5_line_height=\u00bb2em\u00bb text_orientation=\u00bbjustified\u00bb]<\/p>\n<h2><\/h2>\n<p><span>En muchas ocasiones las personas conf\u00edan en los notarios para efectuar escrituras notariales que conllevan importantes obligaciones contractuales. Los notarios no aconsejan sino que convalidan si ese acuerdo que se transcribe en el documento notarial es legal y cumple con todos los requisitos de la normativa notarial; pero ello no quiere decir que se ajuste a la voluntad del cliente<span class=\"Apple-converted-space\">\u00a0 <\/span>y a los intereses del mismo. Se puede estar firmando una escritura perfectamente legal por supuesto pero su contenido ser perjudicial para los intereses de dicha persona porque no se ha contado con su asesoramiento legal sobre el fondo de la cuesti\u00f3n y sus consecuencias.<span class=\"Apple-converted-space\">\u00a0<\/span><\/span><\/p>\n<p><span>Se recomienda siempre consultar previamente al abogado para cualquier tipo de escritura notarial, especialmente bancaria, de empresas, compraventas o de herencias.<\/span><\/p>\n<p>[\/et_pb_text][\/et_pb_column][\/et_pb_row][\/et_pb_section][et_pb_section fb_built=\u00bb1&#8243; next_background_color=\u00bb#ffffff\u00bb module_id=\u00bbseguros\u00bb _builder_version=\u00bb4.4.4&#8243; background_color=\u00bb#996633&#8243; transform_scale=\u00bb122%|122%\u00bb custom_padding=\u00bb14px||99px|||\u00bb bottom_divider_style=\u00bbramp2&#8243;][et_pb_row _builder_version=\u00bb4.4.2&#8243;][et_pb_column type=\u00bb4_4&#8243; _builder_version=\u00bb4.4.2&#8243;][et_pb_text _builder_version=\u00bb4.4.4&#8243; header_2_text_color=\u00bb#ffffff\u00bb custom_margin=\u00bb20px||||false|false\u00bb]<\/p>\n<h2 style=\"text-align: center;\">RECLAMACIONES A SEGUROS<\/h2>\n<p>[\/et_pb_text][\/et_pb_column][\/et_pb_row][\/et_pb_section][et_pb_section fb_built=\u00bb1&#8243; _builder_version=\u00bb4.4.4&#8243;][et_pb_row _builder_version=\u00bb4.4.2&#8243;][et_pb_column type=\u00bb4_4&#8243; _builder_version=\u00bb4.4.2&#8243;][et_pb_text _builder_version=\u00bb4.4.4&#8243; text_font=\u00bb||||||||\u00bb text_font_size=\u00bb16px\u00bb header_font_size=\u00bb49px\u00bb header_2_font=\u00bb|600|||||||\u00bb header_2_text_align=\u00bbleft\u00bb header_2_line_height=\u00bb2em\u00bb header_5_line_height=\u00bb2em\u00bb text_orientation=\u00bbjustified\u00bb]<\/p>\n<h2><\/h2>\n<p><span>En los \u00faltimos a\u00f1os las aseguradoras han limitado de forma importante las posibilidades razonables de llegar a un acuerdo sobre cualquier tipo de siniestro, sea en empresa, en comunidad de propietarios, en el propio domicilio, y por supuesto en relaci\u00f3n<span class=\"Apple-converted-space\">\u00a0 <\/span>accidentes. Es casi imposible contactar con los seguros y obtener una indemnizaci\u00f3n razonable. Por dichos motivos se hace imprescindible contar con un asesoramiento de abogado que sepa del asunto, que conozca las posibilidades y recursos para combatir las propuestas de indemnizaci\u00f3n de<span class=\"Apple-converted-space\">\u00a0 <\/span>los seguros y c\u00f3mo hacer frente a las mismas, porque en un siniestro medio, la diferencia puede ser de miles de euros a cobrar o no.<\/span><\/p>\n<p><span>En la secci\u00f3n de accidentes iremos a ejemplos pr\u00e1cticos sobre ello.<span class=\"Apple-converted-space\">\u00a0<\/span><\/span><\/p>\n<p><span>Y lo normal es estos casos es poder llegar a un acuerdo extrajudicial, que incremente considerablemente el ofrecimiento, y cobrar un porcentaje sobre lo obtenido, as\u00ed que nuestro inter\u00e9s ser\u00e1 conseguirte cuanto m\u00e1s dinero mejor, porque si tu ganas nosotros tambi\u00e9n. En algunas webs hemos comprobado que cobran hasta m\u00e1s del 30% de lo obtenido. En nuestro caso normalmente cobramos entre el 10%-12%, pudiendo llegar al 15% m\u00e1ximo seg\u00fan la complejidad del caso.<\/span><\/p>\n<p>[\/et_pb_text][\/et_pb_column][\/et_pb_row][\/et_pb_section][et_pb_section fb_built=\u00bb1&#8243; next_background_color=\u00bb#ffffff\u00bb module_id=\u00bbdesahucios\u00bb _builder_version=\u00bb4.4.4&#8243; background_color=\u00bb#996633&#8243; transform_scale=\u00bb122%|122%\u00bb custom_padding=\u00bb14px||99px|||\u00bb bottom_divider_style=\u00bbramp2&#8243;][et_pb_row _builder_version=\u00bb4.4.2&#8243;][et_pb_column type=\u00bb4_4&#8243; _builder_version=\u00bb4.4.2&#8243;][et_pb_text _builder_version=\u00bb4.4.4&#8243; header_2_text_color=\u00bb#ffffff\u00bb custom_margin=\u00bb20px||||false|false\u00bb]<\/p>\n<h2 style=\"text-align: center;\">DESAHUCIOS ALQUILER<\/h2>\n<p>[\/et_pb_text][\/et_pb_column][\/et_pb_row][\/et_pb_section][et_pb_section fb_built=\u00bb1&#8243; _builder_version=\u00bb4.4.4&#8243;][et_pb_row _builder_version=\u00bb4.4.2&#8243;][et_pb_column type=\u00bb4_4&#8243; _builder_version=\u00bb4.4.2&#8243;][et_pb_text _builder_version=\u00bb4.4.4&#8243; text_font=\u00bb||||||||\u00bb text_font_size=\u00bb16px\u00bb header_font_size=\u00bb49px\u00bb header_2_font=\u00bb|600|||||||\u00bb header_2_text_align=\u00bbleft\u00bb header_2_line_height=\u00bb2em\u00bb header_5_line_height=\u00bb2em\u00bb text_orientation=\u00bbjustified\u00bb]<\/p>\n<h2><\/h2>\n<p><span>La cambiante normativa en los \u00faltimos a\u00f1os sobre el alquiler hace m\u00e1s que necesaria la redacci\u00f3n o revisi\u00f3n previa de los contratos de alquiler para evitar consecuencias indeseadas. Saber los derechos y las obligaciones, y c\u00f3mo puede renovarse o cancelarse el contrato es fundamental. Una peque\u00f1a consulta previa, ahorra dinero, tiempo y disgustos.<span class=\"Apple-converted-space\">\u00a0<\/span><\/span><\/p>\n<p><span>Adem\u00e1s saber c\u00f3mo actuar ante un impago es decisivo para saber si el inquilino puede continuar o no en la vivienda o local, y las posibilidades de condonaci\u00f3n de deuda que pueden proponerse en la demanda judicial, cuya tramitaci\u00f3n suele ser bastante r\u00e1pida, y que en ocasiones por la redacci\u00f3n de las notificaciones judiciales puede dar a error, ya que a la vez que se\u00f1alan una fecha de juicio dan un plazo para contestar la demanda (por si hay posibilidades de oponerse por haber un error, por haber pagado, etc), pero en ocasiones sucede que en la creencia que hay una fecha de juicio se\u00f1alada, no se formula adecuadamente dicha oposici\u00f3n, y debe conocerse que si no se contesta en ese plazo, la fecha de juicio que hab\u00eda prevista para despu\u00e9s queda anulada porque el desahucio ya se ha producido judicialmente.<span class=\"Apple-converted-space\">\u00a0<\/span><\/span><\/p>\n<p><span>Debe conocerse tambi\u00e9n que si es la primera vez que se ha producido una reclamaci\u00f3n judicial<span class=\"Apple-converted-space\">\u00a0 <\/span>y antes no hubo requerimiento fehaciente de pago, el inquilino puede enervar la acci\u00f3n, es decir, levantar el procedimiento judicial y continuar en la vivienda, si paga toda la deuda en esos diez d\u00edas (no despu\u00e9s, no en la vista se\u00f1alada porque no se celebrar\u00e1).<\/span><\/p>\n<p>[\/et_pb_text][\/et_pb_column][\/et_pb_row][\/et_pb_section][et_pb_section fb_built=\u00bb1&#8243; _builder_version=\u00bb4.4.4&#8243; background_color=\u00bb#2f3a47&#8243; custom_padding=\u00bb20px||16px|||\u00bb global_module=\u00bb654&#8243;][et_pb_row _builder_version=\u00bb4.4.2&#8243;][et_pb_column type=\u00bb4_4&#8243; _builder_version=\u00bb4.4.2&#8243;][et_pb_button button_url=\u00bbhttps:\/\/web.gorgees.com\u00bb button_text=\u00bbINICIO\u00bb button_alignment=\u00bbcenter\u00bb _builder_version=\u00bb4.4.4&#8243;][\/et_pb_button][\/et_pb_column][\/et_pb_row][\/et_pb_section]<\/p>\n","protected":false},"excerpt":{"rendered":"<p>[et_pb_section fb_built=\u00bb1&#8243; module_id=\u00bbciviles\u00bb _builder_version=\u00bb4.4.2&#8243; custom_margin=\u00bb||24px|||\u00bb custom_padding=\u00bb0px||0px||false|false\u00bb][et_pb_row _builder_version=\u00bb4.4.2&#8243; custom_margin=\u00bb|auto|-28px|auto||\u00bb custom_padding=\u00bb40px|||||\u00bb][et_pb_column type=\u00bb4_4&#8243; _builder_version=\u00bb4.4.2&#8243;][et_pb_text _builder_version=\u00bb4.4.4&#8243; header_text_align=\u00bbleft\u00bb custom_margin=\u00bb0px|||25px|false|false\u00bb custom_padding=\u00bb|50px|||false|false\u00bb link_option_url=\u00bbhttps:\/\/web.gorgees.com\/index.php\/reclamaciones-civiles\/\u00bb header_font_size_tablet=\u00bb\u00bb header_font_size_phone=\u00bb\u00bb header_font_size_last_edited=\u00bbon|phone\u00bb] RECLAMACIONES CIVILES [\/et_pb_text][\/et_pb_column][\/et_pb_row][et_pb_row _builder_version=\u00bb4.4.2&#8243; width=\u00bb100%\u00bb custom_padding=\u00bb50px|||||\u00bb][et_pb_column type=\u00bb4_4&#8243; _builder_version=\u00bb4.4.2&#8243;][et_pb_text _builder_version=\u00bb4.4.4&#8243; custom_margin=\u00bb|||25px|false|false\u00bb] CONTRATOS ESCRITURAS NOTARIALES\u00a0 RECLAMACIONES A SEGUROS DESAHUCIOS ALQUILER [\/et_pb_text][\/et_pb_column][\/et_pb_row][\/et_pb_section][et_pb_section fb_built=\u00bb1&#8243; next_background_color=\u00bb#ffffff\u00bb module_id=\u00bbcontratos\u00bb _builder_version=\u00bb4.4.4&#8243; background_color=\u00bb#996633&#8243; transform_scale=\u00bb122%|122%\u00bb custom_padding=\u00bb14px||99px|||\u00bb bottom_divider_style=\u00bbramp2&#8243; hover_enabled=\u00bb0&#8243;][et_pb_row _builder_version=\u00bb4.4.2&#8243;][et_pb_column type=\u00bb4_4&#8243; _builder_version=\u00bb4.4.2&#8243;][et_pb_text _builder_version=\u00bb4.4.4&#8243; header_2_text_color=\u00bb#ffffff\u00bb custom_margin=\u00bb20px||||false|false\u00bb] CONTRATOS [\/et_pb_text][\/et_pb_column][\/et_pb_row][\/et_pb_section][et_pb_section [&hellip;]<\/p>\n","protected":false},"author":1,"featured_media":0,"parent":0,"menu_order":0,"comment_status":"closed","ping_status":"closed","template":"","meta":{"_et_pb_use_builder":"on","_et_pb_old_content":"<!-- wp:divi\/placeholder \/-->","_et_gb_content_width":""},"yoast_head":"<!-- This site is optimized with the Yoast SEO plugin v16.0.2 - https:\/\/yoast.com\/wordpress\/plugins\/seo\/ -->\n<title>Reclamaciones Civiles - Gorgees abogados<\/title>\n<link rel=\"canonical\" href=\"https:\/\/web.gorgees.com\/index.php\/reclamaciones-civiles\/\" \/>\n<meta property=\"og:locale\" content=\"es_ES\" \/>\n<meta property=\"og:type\" content=\"article\" \/>\n<meta property=\"og:title\" content=\"Reclamaciones Civiles - Gorgees abogados\" \/>\n<meta property=\"og:description\" content=\"[et_pb_section fb_built=\u00bb1&#8243; module_id=\u00bbciviles\u00bb _builder_version=\u00bb4.4.2&#8243; custom_margin=\u00bb||24px|||\u00bb custom_padding=\u00bb0px||0px||false|false\u00bb][et_pb_row _builder_version=\u00bb4.4.2&#8243; custom_margin=\u00bb|auto|-28px|auto||\u00bb custom_padding=\u00bb40px|||||\u00bb][et_pb_column type=\u00bb4_4&#8243; _builder_version=\u00bb4.4.2&#8243;][et_pb_text _builder_version=\u00bb4.4.4&#8243; header_text_align=\u00bbleft\u00bb custom_margin=\u00bb0px|||25px|false|false\u00bb custom_padding=\u00bb|50px|||false|false\u00bb link_option_url=\u00bbhttps:\/\/web.gorgees.com\/index.php\/reclamaciones-civiles\/\u00bb header_font_size_tablet=\u00bb\u00bb header_font_size_phone=\u00bb\u00bb header_font_size_last_edited=\u00bbon|phone\u00bb] RECLAMACIONES CIVILES [\/et_pb_text][\/et_pb_column][\/et_pb_row][et_pb_row _builder_version=\u00bb4.4.2&#8243; width=\u00bb100%\u00bb custom_padding=\u00bb50px|||||\u00bb][et_pb_column type=\u00bb4_4&#8243; _builder_version=\u00bb4.4.2&#8243;][et_pb_text _builder_version=\u00bb4.4.4&#8243; custom_margin=\u00bb|||25px|false|false\u00bb] CONTRATOS ESCRITURAS NOTARIALES\u00a0 RECLAMACIONES A SEGUROS DESAHUCIOS ALQUILER [\/et_pb_text][\/et_pb_column][\/et_pb_row][\/et_pb_section][et_pb_section fb_built=\u00bb1&#8243; next_background_color=\u00bb#ffffff\u00bb module_id=\u00bbcontratos\u00bb _builder_version=\u00bb4.4.4&#8243; background_color=\u00bb#996633&#8243; transform_scale=\u00bb122%|122%\u00bb custom_padding=\u00bb14px||99px|||\u00bb bottom_divider_style=\u00bbramp2&#8243; hover_enabled=\u00bb0&#8243;][et_pb_row _builder_version=\u00bb4.4.2&#8243;][et_pb_column type=\u00bb4_4&#8243; _builder_version=\u00bb4.4.2&#8243;][et_pb_text _builder_version=\u00bb4.4.4&#8243; header_2_text_color=\u00bb#ffffff\u00bb custom_margin=\u00bb20px||||false|false\u00bb] CONTRATOS [\/et_pb_text][\/et_pb_column][\/et_pb_row][\/et_pb_section][et_pb_section [&hellip;]\" \/>\n<meta property=\"og:url\" content=\"https:\/\/web.gorgees.com\/index.php\/reclamaciones-civiles\/\" \/>\n<meta property=\"og:site_name\" content=\"Gorgees abogados\" \/>\n<meta property=\"article:modified_time\" content=\"2020-05-29T07:53:27+00:00\" \/>\n<meta name=\"twitter:card\" content=\"summary_large_image\" \/>\n<meta name=\"twitter:label1\" content=\"Tiempo de lectura\">\n\t<meta name=\"twitter:data1\" content=\"7 minutos\">\n<script type=\"application\/ld+json\" class=\"yoast-schema-graph\">{\"@context\":\"https:\/\/schema.org\",\"@graph\":[{\"@type\":\"WebSite\",\"@id\":\"https:\/\/web.gorgees.com\/#website\",\"url\":\"https:\/\/web.gorgees.com\/\",\"name\":\"Gorgees abogados\",\"description\":\"Bufete de abogados\",\"potentialAction\":[{\"@type\":\"SearchAction\",\"target\":\"https:\/\/web.gorgees.com\/?s={search_term_string}\",\"query-input\":\"required name=search_term_string\"}],\"inLanguage\":\"es\"},{\"@type\":\"WebPage\",\"@id\":\"https:\/\/web.gorgees.com\/index.php\/reclamaciones-civiles\/#webpage\",\"url\":\"https:\/\/web.gorgees.com\/index.php\/reclamaciones-civiles\/\",\"name\":\"Reclamaciones Civiles - Gorgees abogados\",\"isPartOf\":{\"@id\":\"https:\/\/web.gorgees.com\/#website\"},\"datePublished\":\"2020-05-08T09:58:22+00:00\",\"dateModified\":\"2020-05-29T07:53:27+00:00\",\"breadcrumb\":{\"@id\":\"https:\/\/web.gorgees.com\/index.php\/reclamaciones-civiles\/#breadcrumb\"},\"inLanguage\":\"es\",\"potentialAction\":[{\"@type\":\"ReadAction\",\"target\":[\"https:\/\/web.gorgees.com\/index.php\/reclamaciones-civiles\/\"]}]},{\"@type\":\"BreadcrumbList\",\"@id\":\"https:\/\/web.gorgees.com\/index.php\/reclamaciones-civiles\/#breadcrumb\",\"itemListElement\":[{\"@type\":\"ListItem\",\"position\":1,\"item\":{\"@type\":\"WebPage\",\"@id\":\"https:\/\/web.gorgees.com\/\",\"url\":\"https:\/\/web.gorgees.com\/\",\"name\":\"Portada\"}},{\"@type\":\"ListItem\",\"position\":2,\"item\":{\"@type\":\"WebPage\",\"@id\":\"https:\/\/web.gorgees.com\/index.php\/reclamaciones-civiles\/\",\"url\":\"https:\/\/web.gorgees.com\/index.php\/reclamaciones-civiles\/\",\"name\":\"Reclamaciones Civiles\"}}]}]}<\/script>\n<!-- \/ Yoast SEO plugin. -->","_links":{"self":[{"href":"https:\/\/web.gorgees.com\/index.php\/wp-json\/wp\/v2\/pages\/601"}],"collection":[{"href":"https:\/\/web.gorgees.com\/index.php\/wp-json\/wp\/v2\/pages"}],"about":[{"href":"https:\/\/web.gorgees.com\/index.php\/wp-json\/wp\/v2\/types\/page"}],"author":[{"embeddable":true,"href":"https:\/\/web.gorgees.com\/index.php\/wp-json\/wp\/v2\/users\/1"}],"replies":[{"embeddable":true,"href":"https:\/\/web.gorgees.com\/index.php\/wp-json\/wp\/v2\/comments?post=601"}],"version-history":[{"count":8,"href":"https:\/\/web.gorgees.com\/index.php\/wp-json\/wp\/v2\/pages\/601\/revisions"}],"predecessor-version":[{"id":691,"href":"https:\/\/web.gorgees.com\/index.php\/wp-json\/wp\/v2\/pages\/601\/revisions\/691"}],"wp:attachment":[{"href":"https:\/\/web.gorgees.com\/index.php\/wp-json\/wp\/v2\/media?parent=601"}],"curies":[{"name":"wp","href":"https:\/\/api.w.org\/{rel}","templated":true}]}}