{"id":692,"date":"2020-05-29T09:59:46","date_gmt":"2020-05-29T07:59:46","guid":{"rendered":"https:\/\/web.gorgees.com\/?page_id=692"},"modified":"2020-05-29T10:03:44","modified_gmt":"2020-05-29T08:03:44","slug":"accidentes-de-trafico","status":"publish","type":"page","link":"https:\/\/web.gorgees.com\/index.php\/accidentes-de-trafico\/","title":{"rendered":"Accidentes de tr\u00e1fico"},"content":{"rendered":"<p>[et_pb_section fb_built=\u00bb1&#8243; module_id=\u00bbciviles\u00bb _builder_version=\u00bb4.4.4&#8243; custom_margin=\u00bb||0px||false|false\u00bb custom_padding=\u00bb0px||15px||false|false\u00bb][et_pb_row _builder_version=\u00bb4.4.2&#8243; custom_margin=\u00bb|auto|-28px|auto||\u00bb custom_padding=\u00bb40px|||||\u00bb][et_pb_column type=\u00bb4_4&#8243; _builder_version=\u00bb4.4.2&#8243;][et_pb_text _builder_version=\u00bb4.4.4&#8243; header_text_align=\u00bbleft\u00bb custom_margin=\u00bb0px|||25px|false|false\u00bb custom_padding=\u00bb|50px|||false|false\u00bb link_option_url=\u00bbhttps:\/\/web.gorgees.com\/index.php\/reclamaciones-civiles\/\u00bb header_font_size_tablet=\u00bb\u00bb header_font_size_phone=\u00bb\u00bb header_font_size_last_edited=\u00bbon|phone\u00bb]<\/p>\n<h1 style=\"text-align: center;\">ACCIDENTES DE TR\u00c1FICO<\/h1>\n<p>[\/et_pb_text][\/et_pb_column][\/et_pb_row][et_pb_row _builder_version=\u00bb4.4.2&#8243; width=\u00bb100%\u00bb custom_padding=\u00bb50px|||||\u00bb][et_pb_column type=\u00bb4_4&#8243; _builder_version=\u00bb4.4.2&#8243;][et_pb_text _builder_version=\u00bb4.4.4&#8243; custom_margin=\u00bb|||25px|false|false\u00bb hover_enabled=\u00bb0&#8243;]<\/p>\n<ul>\n<li><a href=\"#accidentes\"><span>INCLUIDO BUS URBANO<\/span><\/a><\/li>\n<li><a href=\"#accidentes\">TRANV\u00cdA<\/a><\/li>\n<li><a href=\"#accidentes\">BICICLETAS<\/a><\/li>\n<\/ul>\n<p>[\/et_pb_text][\/et_pb_column][\/et_pb_row][\/et_pb_section][et_pb_section fb_built=\u00bb1&#8243; next_background_color=\u00bb#ffffff\u00bb module_id=\u00bbaccidentes\u00bb _builder_version=\u00bb4.4.4&#8243; background_color=\u00bb#996633&#8243; transform_scale=\u00bb122%|122%\u00bb custom_padding=\u00bb25px||99px||false|false\u00bb bottom_divider_style=\u00bbramp2&#8243;][et_pb_row _builder_version=\u00bb4.4.2&#8243;][et_pb_column type=\u00bb4_4&#8243; _builder_version=\u00bb4.4.2&#8243;][et_pb_text _builder_version=\u00bb4.4.4&#8243; header_2_text_color=\u00bb#ffffff\u00bb custom_margin=\u00bb20px||||false|false\u00bb]<\/p>\n<h2 style=\"text-align: center;\">INCLUIDO BUS URBANO, TRANV\u00cdA Y BICICLETAS<\/h2>\n<p>[\/et_pb_text][\/et_pb_column][\/et_pb_row][\/et_pb_section][et_pb_section fb_built=\u00bb1&#8243; _builder_version=\u00bb4.4.4&#8243;][et_pb_row _builder_version=\u00bb4.4.2&#8243;][et_pb_column type=\u00bb4_4&#8243; _builder_version=\u00bb4.4.2&#8243;][et_pb_text _builder_version=\u00bb4.4.4&#8243; text_font=\u00bb||||||||\u00bb text_font_size=\u00bb16px\u00bb header_font_size=\u00bb49px\u00bb header_2_font=\u00bb|600|||||||\u00bb header_2_text_align=\u00bbleft\u00bb header_2_line_height=\u00bb2em\u00bb header_5_line_height=\u00bb2em\u00bb text_orientation=\u00bbjustified\u00bb]<\/p>\n<h2><\/h2>\n<p><span>Como dec\u00edamos en el apartado de <a href=\"https:\/\/web.gorgees.com\/index.php\/reclamaciones-civiles\/#seguros\">RECLAMACIONES A SEGUROS<\/a> hoy d\u00eda se hace imprescindible contar con un abogado especializado en seguros. Como miembro de la Secci\u00f3n de<span class=\"Apple-converted-space\">\u00a0 <\/span>Derecho de la Circulaci\u00f3n, Responsabilidad Civil y Seguros del Real e Ilustre Colegio de Abogados de Zaragoza,<span class=\"Apple-converted-space\">\u00a0 <\/span>conozco<span class=\"Apple-converted-space\">\u00a0 <\/span>a la perfecci\u00f3n no s\u00f3lo la normativa sino la Jurisprudencia cambiante en \u00e9ste tipo de asuntos, y el funcionamiento de la negociaci\u00f3n extrajudicial para por un lado exigir los derechos de los accidentados y por otro negociar adecuadamente para evitar un pleito.<\/span><\/p>\n<p><span>La complicada aplicaci\u00f3n de la normativa sobre accidentes y especialmente el Baremo de indemnizaciones hace fundamental contar con un abogado especializado, y mi recomendaci\u00f3n es que dicho abogado no sea el que tu propia compa\u00f1\u00eda te ofrece porque las compa\u00f1\u00edas tienen acuerdos legales para que en determinadas ocasiones quien realmente acaba pagando tu indemnizaci\u00f3n es tu propia compa\u00f1\u00eda, aunque el culpable del accidente fuera la compa\u00f1\u00eda contraria. Por tanto quien debe defenderte es aqu\u00e9l abogado sin vinculaci\u00f3n alguna con dichas aseguradoras implicadas.<\/span><\/p>\n<p><span>Adem\u00e1s aunque Usted no lo sepa, porque su compa\u00f1\u00eda de seguros puede que no se lo haya comunicado, la Ley de Contrato de Seguro (y as\u00ed lo dice seguramente su p\u00f3liza de seguro), le permite en caso de accidente de tr\u00e1fico elegir a su propio Abogado para que le defienda y represente tanto en la negociaci\u00f3n amistosa con la compa\u00f1\u00eda de seguros contraria como en la v\u00eda judicial sea penal o civil, sin tener que consentir que le defienda<span class=\"Apple-converted-space\">\u00a0 <\/span>el abogado que su propia compa\u00f1\u00eda de seguros le ha nombrado. Y debe Usted saber que los gastos del Abogado que Usted elija deber\u00e1n ser pagados por su compa\u00f1\u00eda de seguros (a veces hasta el l\u00edmite que marca la p\u00f3liza, si bien normalmente sobra) sin que ello le suponga a Usted gasto o penalizaci\u00f3n alguna. Debe Usted saber que la libre elecci\u00f3n de abogado le garantiza una total independencia, y que adem\u00e1s la cantidad final de indemnizaci\u00f3n puede ser de miles de euros de diferencia, por lo que a\u00fan en el caso que tenga que pagar un porcentaje de lo recibido, habr\u00e1 obtenido una cantidad neta muy superior.<\/span><\/p>\n<p><span>Tanto si ha tenido un accidente con su veh\u00edculo con otro, o ha sido atropellado, o iba en el autob\u00fas urbano o tranv\u00eda, o es Usted pasajero en otro coche, tiene derecho a ser indemnizado por el culpable aunque sea el conductor de su propio veh\u00edculo donde iba, sea familiar o no.<\/span><\/p>\n<p><span>Tambi\u00e9n puede reclamar indemnizaci\u00f3n si es atropellado por una bicicleta o por un patinete, sea de alquiler o sea particular.<\/span><\/p>\n<p>[\/et_pb_text][\/et_pb_column][\/et_pb_row][\/et_pb_section][et_pb_section fb_built=\u00bb1&#8243; _builder_version=\u00bb4.4.4&#8243; background_color=\u00bb#2f3a47&#8243; custom_padding=\u00bb20px||16px|||\u00bb global_module=\u00bb654&#8243;][et_pb_row _builder_version=\u00bb4.4.2&#8243;][et_pb_column type=\u00bb4_4&#8243; _builder_version=\u00bb4.4.2&#8243;][et_pb_button button_url=\u00bbhttps:\/\/web.gorgees.com\u00bb button_text=\u00bbINICIO\u00bb button_alignment=\u00bbcenter\u00bb _builder_version=\u00bb4.4.4&#8243;][\/et_pb_button][\/et_pb_column][\/et_pb_row][\/et_pb_section]<\/p>\n","protected":false},"excerpt":{"rendered":"<p>[et_pb_section fb_built=\u00bb1&#8243; module_id=\u00bbciviles\u00bb _builder_version=\u00bb4.4.4&#8243; custom_margin=\u00bb||0px||false|false\u00bb custom_padding=\u00bb0px||15px||false|false\u00bb][et_pb_row _builder_version=\u00bb4.4.2&#8243; custom_margin=\u00bb|auto|-28px|auto||\u00bb custom_padding=\u00bb40px|||||\u00bb][et_pb_column type=\u00bb4_4&#8243; _builder_version=\u00bb4.4.2&#8243;][et_pb_text _builder_version=\u00bb4.4.4&#8243; header_text_align=\u00bbleft\u00bb custom_margin=\u00bb0px|||25px|false|false\u00bb custom_padding=\u00bb|50px|||false|false\u00bb link_option_url=\u00bbhttps:\/\/web.gorgees.com\/index.php\/reclamaciones-civiles\/\u00bb header_font_size_tablet=\u00bb\u00bb header_font_size_phone=\u00bb\u00bb header_font_size_last_edited=\u00bbon|phone\u00bb] ACCIDENTES DE TR\u00c1FICO [\/et_pb_text][\/et_pb_column][\/et_pb_row][et_pb_row _builder_version=\u00bb4.4.2&#8243; width=\u00bb100%\u00bb custom_padding=\u00bb50px|||||\u00bb][et_pb_column type=\u00bb4_4&#8243; _builder_version=\u00bb4.4.2&#8243;][et_pb_text _builder_version=\u00bb4.4.4&#8243; custom_margin=\u00bb|||25px|false|false\u00bb hover_enabled=\u00bb0&#8243;] INCLUIDO BUS URBANO TRANV\u00cdA BICICLETAS [\/et_pb_text][\/et_pb_column][\/et_pb_row][\/et_pb_section][et_pb_section fb_built=\u00bb1&#8243; next_background_color=\u00bb#ffffff\u00bb module_id=\u00bbaccidentes\u00bb _builder_version=\u00bb4.4.4&#8243; background_color=\u00bb#996633&#8243; transform_scale=\u00bb122%|122%\u00bb custom_padding=\u00bb25px||99px||false|false\u00bb bottom_divider_style=\u00bbramp2&#8243;][et_pb_row _builder_version=\u00bb4.4.2&#8243;][et_pb_column type=\u00bb4_4&#8243; _builder_version=\u00bb4.4.2&#8243;][et_pb_text _builder_version=\u00bb4.4.4&#8243; header_2_text_color=\u00bb#ffffff\u00bb custom_margin=\u00bb20px||||false|false\u00bb] INCLUIDO BUS URBANO, TRANV\u00cdA [&hellip;]<\/p>\n","protected":false},"author":1,"featured_media":0,"parent":0,"menu_order":0,"comment_status":"closed","ping_status":"closed","template":"","meta":{"_et_pb_use_builder":"on","_et_pb_old_content":"","_et_gb_content_width":""},"yoast_head":"<!-- This site is optimized with the Yoast SEO plugin v16.0.2 - https:\/\/yoast.com\/wordpress\/plugins\/seo\/ -->\n<title>Accidentes de tr\u00e1fico - Gorgees abogados<\/title>\n<link rel=\"canonical\" href=\"https:\/\/web.gorgees.com\/index.php\/accidentes-de-trafico\/\" \/>\n<meta property=\"og:locale\" content=\"es_ES\" \/>\n<meta property=\"og:type\" content=\"article\" \/>\n<meta property=\"og:title\" content=\"Accidentes de tr\u00e1fico - Gorgees abogados\" \/>\n<meta property=\"og:description\" content=\"[et_pb_section fb_built=\u00bb1&#8243; module_id=\u00bbciviles\u00bb _builder_version=\u00bb4.4.4&#8243; custom_margin=\u00bb||0px||false|false\u00bb custom_padding=\u00bb0px||15px||false|false\u00bb][et_pb_row _builder_version=\u00bb4.4.2&#8243; custom_margin=\u00bb|auto|-28px|auto||\u00bb custom_padding=\u00bb40px|||||\u00bb][et_pb_column type=\u00bb4_4&#8243; _builder_version=\u00bb4.4.2&#8243;][et_pb_text _builder_version=\u00bb4.4.4&#8243; header_text_align=\u00bbleft\u00bb custom_margin=\u00bb0px|||25px|false|false\u00bb custom_padding=\u00bb|50px|||false|false\u00bb link_option_url=\u00bbhttps:\/\/web.gorgees.com\/index.php\/reclamaciones-civiles\/\u00bb header_font_size_tablet=\u00bb\u00bb header_font_size_phone=\u00bb\u00bb header_font_size_last_edited=\u00bbon|phone\u00bb] ACCIDENTES DE TR\u00c1FICO [\/et_pb_text][\/et_pb_column][\/et_pb_row][et_pb_row _builder_version=\u00bb4.4.2&#8243; width=\u00bb100%\u00bb custom_padding=\u00bb50px|||||\u00bb][et_pb_column type=\u00bb4_4&#8243; _builder_version=\u00bb4.4.2&#8243;][et_pb_text _builder_version=\u00bb4.4.4&#8243; custom_margin=\u00bb|||25px|false|false\u00bb hover_enabled=\u00bb0&#8243;] INCLUIDO BUS URBANO TRANV\u00cdA BICICLETAS [\/et_pb_text][\/et_pb_column][\/et_pb_row][\/et_pb_section][et_pb_section fb_built=\u00bb1&#8243; next_background_color=\u00bb#ffffff\u00bb module_id=\u00bbaccidentes\u00bb _builder_version=\u00bb4.4.4&#8243; background_color=\u00bb#996633&#8243; transform_scale=\u00bb122%|122%\u00bb custom_padding=\u00bb25px||99px||false|false\u00bb bottom_divider_style=\u00bbramp2&#8243;][et_pb_row _builder_version=\u00bb4.4.2&#8243;][et_pb_column type=\u00bb4_4&#8243; _builder_version=\u00bb4.4.2&#8243;][et_pb_text _builder_version=\u00bb4.4.4&#8243; header_2_text_color=\u00bb#ffffff\u00bb custom_margin=\u00bb20px||||false|false\u00bb] INCLUIDO BUS URBANO, TRANV\u00cdA [&hellip;]\" \/>\n<meta property=\"og:url\" content=\"https:\/\/web.gorgees.com\/index.php\/accidentes-de-trafico\/\" \/>\n<meta property=\"og:site_name\" content=\"Gorgees abogados\" \/>\n<meta property=\"article:modified_time\" content=\"2020-05-29T08:03:44+00:00\" \/>\n<meta name=\"twitter:card\" content=\"summary_large_image\" \/>\n<meta name=\"twitter:label1\" content=\"Tiempo de lectura\">\n\t<meta name=\"twitter:data1\" content=\"4 minutos\">\n<script type=\"application\/ld+json\" class=\"yoast-schema-graph\">{\"@context\":\"https:\/\/schema.org\",\"@graph\":[{\"@type\":\"WebSite\",\"@id\":\"https:\/\/web.gorgees.com\/#website\",\"url\":\"https:\/\/web.gorgees.com\/\",\"name\":\"Gorgees abogados\",\"description\":\"Bufete de abogados\",\"potentialAction\":[{\"@type\":\"SearchAction\",\"target\":\"https:\/\/web.gorgees.com\/?s={search_term_string}\",\"query-input\":\"required name=search_term_string\"}],\"inLanguage\":\"es\"},{\"@type\":\"WebPage\",\"@id\":\"https:\/\/web.gorgees.com\/index.php\/accidentes-de-trafico\/#webpage\",\"url\":\"https:\/\/web.gorgees.com\/index.php\/accidentes-de-trafico\/\",\"name\":\"Accidentes de tr\\u00e1fico - Gorgees abogados\",\"isPartOf\":{\"@id\":\"https:\/\/web.gorgees.com\/#website\"},\"datePublished\":\"2020-05-29T07:59:46+00:00\",\"dateModified\":\"2020-05-29T08:03:44+00:00\",\"breadcrumb\":{\"@id\":\"https:\/\/web.gorgees.com\/index.php\/accidentes-de-trafico\/#breadcrumb\"},\"inLanguage\":\"es\",\"potentialAction\":[{\"@type\":\"ReadAction\",\"target\":[\"https:\/\/web.gorgees.com\/index.php\/accidentes-de-trafico\/\"]}]},{\"@type\":\"BreadcrumbList\",\"@id\":\"https:\/\/web.gorgees.com\/index.php\/accidentes-de-trafico\/#breadcrumb\",\"itemListElement\":[{\"@type\":\"ListItem\",\"position\":1,\"item\":{\"@type\":\"WebPage\",\"@id\":\"https:\/\/web.gorgees.com\/\",\"url\":\"https:\/\/web.gorgees.com\/\",\"name\":\"Portada\"}},{\"@type\":\"ListItem\",\"position\":2,\"item\":{\"@type\":\"WebPage\",\"@id\":\"https:\/\/web.gorgees.com\/index.php\/accidentes-de-trafico\/\",\"url\":\"https:\/\/web.gorgees.com\/index.php\/accidentes-de-trafico\/\",\"name\":\"Accidentes de tr\\u00e1fico\"}}]}]}<\/script>\n<!-- \/ Yoast SEO plugin. -->","_links":{"self":[{"href":"https:\/\/web.gorgees.com\/index.php\/wp-json\/wp\/v2\/pages\/692"}],"collection":[{"href":"https:\/\/web.gorgees.com\/index.php\/wp-json\/wp\/v2\/pages"}],"about":[{"href":"https:\/\/web.gorgees.com\/index.php\/wp-json\/wp\/v2\/types\/page"}],"author":[{"embeddable":true,"href":"https:\/\/web.gorgees.com\/index.php\/wp-json\/wp\/v2\/users\/1"}],"replies":[{"embeddable":true,"href":"https:\/\/web.gorgees.com\/index.php\/wp-json\/wp\/v2\/comments?post=692"}],"version-history":[{"count":8,"href":"https:\/\/web.gorgees.com\/index.php\/wp-json\/wp\/v2\/pages\/692\/revisions"}],"predecessor-version":[{"id":703,"href":"https:\/\/web.gorgees.com\/index.php\/wp-json\/wp\/v2\/pages\/692\/revisions\/703"}],"wp:attachment":[{"href":"https:\/\/web.gorgees.com\/index.php\/wp-json\/wp\/v2\/media?parent=692"}],"curies":[{"name":"wp","href":"https:\/\/api.w.org\/{rel}","templated":true}]}}