{"id":725,"date":"2020-05-29T10:42:51","date_gmt":"2020-05-29T08:42:51","guid":{"rendered":"https:\/\/web.gorgees.com\/?page_id=725"},"modified":"2020-05-29T10:51:36","modified_gmt":"2020-05-29T08:51:36","slug":"empresas","status":"publish","type":"page","link":"https:\/\/web.gorgees.com\/index.php\/empresas\/","title":{"rendered":"Empresas"},"content":{"rendered":"<p>[et_pb_section fb_built=\u00bb1&#8243; module_id=\u00bbciviles\u00bb _builder_version=\u00bb4.4.2&#8243; custom_margin=\u00bb||24px|||\u00bb custom_padding=\u00bb0px||0px||false|false\u00bb][et_pb_row _builder_version=\u00bb4.4.2&#8243; custom_margin=\u00bb|auto|-28px|auto||\u00bb custom_padding=\u00bb40px|||||\u00bb][et_pb_column type=\u00bb4_4&#8243; _builder_version=\u00bb4.4.2&#8243;][et_pb_text _builder_version=\u00bb4.4.4&#8243; header_text_align=\u00bbleft\u00bb custom_margin=\u00bb0px|||25px|false|false\u00bb custom_padding=\u00bb|50px|||false|false\u00bb link_option_url=\u00bbhttps:\/\/web.gorgees.com\/index.php\/reclamaciones-civiles\/\u00bb hover_enabled=\u00bb0&#8243; header_font_size_tablet=\u00bb\u00bb header_font_size_phone=\u00bb\u00bb header_font_size_last_edited=\u00bbon|phone\u00bb]<\/p>\n<h1 style=\"text-align: center;\">EMPRESAS<\/h1>\n<p>[\/et_pb_text][\/et_pb_column][\/et_pb_row][et_pb_row _builder_version=\u00bb4.4.2&#8243; width=\u00bb100%\u00bb custom_padding=\u00bb50px|||||\u00bb][et_pb_column type=\u00bb4_4&#8243; _builder_version=\u00bb4.4.2&#8243;][et_pb_text _builder_version=\u00bb4.4.4&#8243; custom_margin=\u00bb|||25px|false|false\u00bb hover_enabled=\u00bb0&#8243;]<\/p>\n<p><a href=\"https:\/\/web.gorgees.com\/index.php\/reclamaciones-civiles\/#contratos\"><span><\/span><\/a><\/p>\n<ul>\n<li><a href=\"#impagados\"><span>RECLAMACI\u00d3N DE IMPAGADOS<\/span><\/a><\/li>\n<li><a href=\"#escriturasacuerdos\"><span>ESCRITURAS DE LA SOCIEDAD<\/span><\/a><\/li>\n<li><a href=\"#escriturasacuerdos\"><span>ACUERDOS PARA-SOCIALES<\/span><\/a><\/li>\n<li><a href=\"#administradores\"><span>RECLAMACI\u00d3N RESPONSABILIDAD ADMINISTRADORES<\/span><\/a><\/li>\n<li><a href=\"#administradores\"><span>DEFENSA EN DERIVACI\u00d3N DE DEUDAS A ADMINISTRADORES POR LA SEGURIDAD SOCIAL Y HACIENDA<\/span><\/a><\/li>\n<li><a href=\"#acreedores\"><span>CONCURSO DE ACREEDORES<\/span><\/a><\/li>\n<\/ul>\n<p>[\/et_pb_text][\/et_pb_column][\/et_pb_row][\/et_pb_section][et_pb_section fb_built=\u00bb1&#8243; next_background_color=\u00bb#ffffff\u00bb module_id=\u00bbimpagados\u00bb _builder_version=\u00bb4.4.4&#8243; background_color=\u00bb#996633&#8243; transform_scale=\u00bb122%|122%\u00bb custom_padding=\u00bb14px||99px|||\u00bb bottom_divider_style=\u00bbramp2&#8243; hover_enabled=\u00bb0&#8243;][et_pb_row _builder_version=\u00bb4.4.2&#8243;][et_pb_column type=\u00bb4_4&#8243; _builder_version=\u00bb4.4.2&#8243;][et_pb_text _builder_version=\u00bb4.4.4&#8243; header_2_text_color=\u00bb#ffffff\u00bb custom_margin=\u00bb20px||||false|false\u00bb hover_enabled=\u00bb0&#8243;]<\/p>\n<h2 style=\"text-align: center;\">RECLAMACI\u00d3N DE IMPAGADOS<\/h2>\n<p>[\/et_pb_text][\/et_pb_column][\/et_pb_row][\/et_pb_section][et_pb_section fb_built=\u00bb1&#8243; _builder_version=\u00bb4.4.4&#8243;][et_pb_row _builder_version=\u00bb4.4.2&#8243;][et_pb_column type=\u00bb4_4&#8243; _builder_version=\u00bb4.4.2&#8243;][et_pb_text _builder_version=\u00bb4.4.4&#8243; text_font=\u00bb||||||||\u00bb text_font_size=\u00bb16px\u00bb header_font_size=\u00bb49px\u00bb header_2_font=\u00bb|600|||||||\u00bb header_2_text_align=\u00bbleft\u00bb header_2_line_height=\u00bb2em\u00bb header_5_line_height=\u00bb2em\u00bb text_orientation=\u00bbjustified\u00bb hover_enabled=\u00bb0&#8243;]<\/p>\n<h2><\/h2>\n<p><span>Como fundador de la web <a href=\"http:\/\/www.reclamardeudas.com\/solucion.htm\" target=\"_blank\" rel=\"noopener noreferrer\">www.reclamardeudas.com <\/a><\/span><span>conocemos bien que muchas deudas acaban por no reclamarse debido al alto coste judicial de hacerlo y<span class=\"Apple-converted-space\">\u00a0 <\/span>a las bajas expectativas de cobro finales. Por ello se cre\u00f3 dicho servicio para que el coste inicial sea muy barato con una cuota baja, y que s\u00f3lo cobremos a porcentaje de lo obtenido judicialmente.<span class=\"Apple-converted-space\">\u00a0 <\/span>Aqu\u00ed ya sali\u00f3 en el 2010 la noticia sobre nuestra idea en la revista EMPRENDEDORES.<\/span><\/p>\n<p><span><\/span><\/p>\n<p><span><a href=\"https:\/\/www.emprendedores.es\/gestion\/a17493\/reclamar-deudas-por-via-judicial\/\">https:\/\/www.emprendedores.es\/gestion\/a17493\/reclamar-deudas-por-via-judicial\/<\/a><\/span><\/p>\n<p>[\/et_pb_text][\/et_pb_column][\/et_pb_row][\/et_pb_section][et_pb_section fb_built=\u00bb1&#8243; next_background_color=\u00bb#ffffff\u00bb module_id=\u00bbescriturasacuerdos\u00bb _builder_version=\u00bb4.4.4&#8243; background_color=\u00bb#996633&#8243; transform_scale=\u00bb122%|122%\u00bb custom_padding=\u00bb14px||99px|||\u00bb bottom_divider_style=\u00bbramp2&#8243; hover_enabled=\u00bb0&#8243;][et_pb_row _builder_version=\u00bb4.4.2&#8243;][et_pb_column type=\u00bb4_4&#8243; _builder_version=\u00bb4.4.2&#8243;][et_pb_text _builder_version=\u00bb4.4.4&#8243; header_2_text_color=\u00bb#ffffff\u00bb custom_margin=\u00bb20px||||false|false\u00bb hover_enabled=\u00bb0&#8243;]<\/p>\n<h2 style=\"text-align: center;\">ESCRITURAS DE LA SOCIEDAD<\/h2>\n<h2 style=\"text-align: center;\">ACUERDOS PARA-SOCIALES<\/h2>\n<p>[\/et_pb_text][\/et_pb_column][\/et_pb_row][\/et_pb_section][et_pb_section fb_built=\u00bb1&#8243; _builder_version=\u00bb4.4.4&#8243;][et_pb_row _builder_version=\u00bb4.4.2&#8243;][et_pb_column type=\u00bb4_4&#8243; _builder_version=\u00bb4.4.2&#8243;][et_pb_text _builder_version=\u00bb4.4.4&#8243; text_font=\u00bb||||||||\u00bb text_font_size=\u00bb16px\u00bb header_font_size=\u00bb49px\u00bb header_2_font=\u00bb|600|||||||\u00bb header_2_text_align=\u00bbleft\u00bb header_2_line_height=\u00bb2em\u00bb header_5_line_height=\u00bb2em\u00bb text_orientation=\u00bbjustified\u00bb hover_enabled=\u00bb0&#8243;]<\/p>\n<h2><\/h2>\n<p><span>La constituci\u00f3n de una sociedad, la elecci\u00f3n del tipo de sociedad incluso si es una cooperativa de trabajo asociado, o una sociedad laboral,<span class=\"Apple-converted-space\">\u00a0 <\/span>y los estatutos de la misma son fundamentales para prever el futuro de la sociedad, sobretodo cuando surgen los problemas en la sociedad o entre los socios de la misma.<span class=\"Apple-converted-space\">\u00a0 <\/span>En muchas ocasiones los estatutos no pueden recoger el amplio abanico de problemas y compromisos que pueden establecerse entre los socios, y ello debe tener reflejo en los acuerdos para sociales que un abogado experto, tras las correspondientes reuniones entre los socios antes de constituir la sociedad o durante el transcurso de su desarrollo empresarial, puede ofrecer y debatir entre los socios para luego plasmarlo en un documento interno pero de validez jur\u00eddica entre los socios de tal manera que en caso de un futuro problema todos sepan c\u00f3mo comportarse en beneficio de la empresa y de los propios socios.<\/span><\/p>\n<p><span>Este planteamiento previo sirve tambi\u00e9n en muchas ocasiones en empresas familiares, objeto de grandes controversias cuando surgen problemas familiares como divorcios, herencias, desavenencias paterno-filiales, etc.<\/span><\/p>\n<p>[\/et_pb_text][\/et_pb_column][\/et_pb_row][\/et_pb_section][et_pb_section fb_built=\u00bb1&#8243; next_background_color=\u00bb#ffffff\u00bb module_id=\u00bbadministradores\u00bb _builder_version=\u00bb4.4.4&#8243; background_color=\u00bb#996633&#8243; transform_scale=\u00bb122%|122%\u00bb custom_padding=\u00bb14px||99px|||\u00bb bottom_divider_style=\u00bbramp2&#8243; hover_enabled=\u00bb0&#8243;][et_pb_row _builder_version=\u00bb4.4.2&#8243;][et_pb_column type=\u00bb4_4&#8243; _builder_version=\u00bb4.4.2&#8243;][et_pb_text _builder_version=\u00bb4.4.4&#8243; header_2_text_color=\u00bb#ffffff\u00bb custom_margin=\u00bb20px||||false|false\u00bb hover_enabled=\u00bb0&#8243;]<\/p>\n<h2 style=\"text-align: center;\"><span><b>RECLAMACI\u00d3N RESPONSABILIDAD ADMINISTRADORES<\/b><\/span><\/h2>\n<h2 style=\"text-align: center;\"><span><b>DEFENSA EN DERIVACI\u00d3N DE DEUDAS A ADMINISTRADORES POR LA SEGURIDAD SOCIAL Y HACIENDA<\/b><\/span><\/h2>\n<p>[\/et_pb_text][\/et_pb_column][\/et_pb_row][\/et_pb_section][et_pb_section fb_built=\u00bb1&#8243; _builder_version=\u00bb4.4.4&#8243;][et_pb_row _builder_version=\u00bb4.4.2&#8243;][et_pb_column type=\u00bb4_4&#8243; _builder_version=\u00bb4.4.2&#8243;][et_pb_text _builder_version=\u00bb4.4.4&#8243; text_font=\u00bb||||||||\u00bb text_font_size=\u00bb16px\u00bb header_font_size=\u00bb49px\u00bb header_2_font=\u00bb|600|||||||\u00bb header_2_text_align=\u00bbleft\u00bb header_2_line_height=\u00bb2em\u00bb header_5_line_height=\u00bb2em\u00bb text_orientation=\u00bbjustified\u00bb hover_enabled=\u00bb0&#8243;]<\/p>\n<h2><\/h2>\n<p><span>En muchas ocasiones nos encontramos que una empresa nos ha dejado de pagar un contrato o unas facturas y que dicha empresa o bien ha cerrado o ha desaparecido sin dar soluciones legales a su cierre e impago (sin haber procedido al concurso de acreedores, o haber pagado a unos acreedores s\u00ed y a otros no, etc). En determinadas circunstancias, y aunque la sociedad sea limitada o an\u00f3nima es quien debe responder de dicha deudas, es posible y factible que a trav\u00e9s de una reclamaci\u00f3n judicial podamos reclamar a los administradores de Derecho (los nombrados legalmente) o de hecho (los que en verdad gestionan dicha empresa) las deudas que dicha sociedad no ha pagado. Es un procedimiento complejo<span class=\"Apple-converted-space\">\u00a0 <\/span>y hay que conocer adecuadamente las responsabilidades de dichos administradores<span class=\"Apple-converted-space\">\u00a0 <\/span>y los errores en su administraci\u00f3n y los incumplimientos legales en que hayan incurrido para saber si es factible dicha reclamaci\u00f3n. Posiblemente tras un estudio se pueda conocer si existen posibilidades tanto de tener \u00e9xito en que se declare su responsabilidad como en tener \u00e9xito si dicho empresario tiene a su nombre bienes con los que finalmente poder hacer frente a la deuda de la sociedad. S\u00f3lo en ese doble caso, merecer\u00eda la pena la reclamaci\u00f3n judicial; y eso debe estudiarse muy bien previamente.<\/span><\/p>\n<p><span><\/span><\/p>\n<p><span>Menos estudio suelen hacer la Tesorer\u00eda General de la Seguridad Social y Hacienda cuando una empresa genera cuotas sociales o cuotas tributarias, y los administradores no han cumplido ciertos aspectos legales legalmente encomendados.<span class=\"Apple-converted-space\">\u00a0<\/span><\/span><\/p>\n<p><span>La Tesorer\u00eda General de la Seguridad Social y Hacienda suelen abrir lo que denominan expediente de derivaci\u00f3n de responsabilidad de administradores reclamando a los mismos la totalidad de las deudas por cuotas sociales o tributarias. Y practican embargos.<\/span><\/p>\n<p><span>Para defenderse de dichas actuaciones hay que actuar desde el inicio del<span class=\"Apple-converted-space\">\u00a0 <\/span>expediente tratando de demostrar much\u00edsimos aspectos que tanto TGSS como AEAT tratan de forma simple y dando por v\u00e1lidas las pruebas que han obtenido. Es fundamental tambi\u00e9n conocer la Jurisprudencia del Tribunal Supremo y de Tribunales de Justicia para desde el inicio del expediente defenderse de las acusaciones de la TGSS y AEAT con argumentaciones v\u00e1lidas y pruebas. Dif\u00edcilmente la TGSS y AEAT dar\u00e1n su brazo a torcer en la v\u00eda administrativa y nos obligar\u00e1n a acudir a la v\u00eda contenciosa judicial, donde todo lo que hayamos alegado en la v\u00eda administrativa, y m\u00e1s alegaciones fundadas y pruebas, pueden hacer conseguir una sentencia que rechace la derivaci\u00f3n de responsabilidad iniciada y liberar a los administradores y a su patrimonio propio y familiar de dichas deudas sociales y tributarias, que en muchas ocasiones supone miles y decenas de miles de euros<\/span>.<\/p>\n<p>[\/et_pb_text][\/et_pb_column][\/et_pb_row][\/et_pb_section][et_pb_section fb_built=\u00bb1&#8243; next_background_color=\u00bb#ffffff\u00bb module_id=\u00bbacreedores\u00bb _builder_version=\u00bb4.4.4&#8243; background_color=\u00bb#996633&#8243; transform_scale=\u00bb122%|122%\u00bb custom_padding=\u00bb14px||99px|||\u00bb bottom_divider_style=\u00bbramp2&#8243; hover_enabled=\u00bb0&#8243;][et_pb_row _builder_version=\u00bb4.4.2&#8243;][et_pb_column type=\u00bb4_4&#8243; _builder_version=\u00bb4.4.2&#8243;][et_pb_text _builder_version=\u00bb4.4.4&#8243; header_2_text_color=\u00bb#ffffff\u00bb custom_margin=\u00bb20px||||false|false\u00bb hover_enabled=\u00bb0&#8243;]<\/p>\n<h2 style=\"text-align: center;\">CONCURSO DE ACREEDORES<\/h2>\n<p>[\/et_pb_text][\/et_pb_column][\/et_pb_row][\/et_pb_section][et_pb_section fb_built=\u00bb1&#8243; _builder_version=\u00bb4.4.4&#8243;][et_pb_row _builder_version=\u00bb4.4.2&#8243;][et_pb_column type=\u00bb4_4&#8243; _builder_version=\u00bb4.4.2&#8243;][et_pb_text _builder_version=\u00bb4.4.4&#8243; text_font=\u00bb||||||||\u00bb text_font_size=\u00bb16px\u00bb header_font_size=\u00bb49px\u00bb header_2_font=\u00bb|600|||||||\u00bb header_2_text_align=\u00bbleft\u00bb header_2_line_height=\u00bb2em\u00bb header_5_line_height=\u00bb2em\u00bb text_orientation=\u00bbjustified\u00bb hover_enabled=\u00bb0&#8243;]<\/p>\n<h2><\/h2>\n<p><span>Cuando una empresa por su propio m\u00e9todo de trabajo o por culpa de terceros que no le abonan sus facturas, o incluso porque sus deudores est\u00e1n tambi\u00e9n inmersos en un concurso de acreedores, se encuentra en una situaci\u00f3n grave que le impide continuar su actividad o bien temporalmente necesita de una financiaci\u00f3n que no obtiene y se ve cercada por sus acreedores, puede necesitar instar judicialmente un concurso de acreedores, o bien lo que se llama un preconcurso.<\/span><\/p>\n<p><span>Eso no significa el cierre de la empresa, sino todo lo contrario; lo que se pretende en la supervivencia de la empresa para que pueda seguir funcionando, vi\u00e9ndose liberada de parte de la deuda o poderla abonar en mejores plazos.<span class=\"Apple-converted-space\">\u00a0<\/span><\/span><\/p>\n<p><span>Para ello puede acudir a la v\u00eda del preconcurso donde tendr\u00e1 unos meses para poder renegociar la deuda con los acreedores, y si lo consigue, deber\u00e1 cumplir ese acuerdo.<\/span><\/p>\n<p><span>Si no se quiere acudir a ese preconcurso, o si lo ha hecho pero no llega a esa renegociaci\u00f3n pactada, <span class=\"Apple-converted-space\">\u00a0 <\/span>se puede acudir al concurso de acreedores donde el Juez nombrar\u00e1 a un administrador concursal experto que relevar\u00e1 moment\u00e1neamente en la representaci\u00f3n al administrador natural de la empresa, y elaborar\u00e1 un informe para conocer si hay opciones reales de supervivencia de la empresa, y se propondr\u00e1 un convenio de acreedores para aprobar una senda de pagos. Si el convenio resulta aprobado, el administrador recuperar\u00e1 su representaci\u00f3n, y deber\u00e1 cumplirse con el acuerdo reflejado en el convenio.<\/span><\/p>\n<p><span>Mientras dure el procedimiento concursal todos los pleitos, salvo hipotecas, deber\u00e1n quedar paralizados a expensa del procedimiento concursal y el informe y convenio.<span class=\"Apple-converted-space\">\u00a0<\/span><\/span><\/p>\n<p><span><\/span><\/p>\n<p><span>Puede suceder que la situaci\u00f3n de la empresa sea tan ruinosa que antes de presentar el concurso se sepa que no hay soluci\u00f3n posible para continuar con la empresa, y en ese caso se puede presentar directamente el concurso a liquidaci\u00f3n, es decir, para vender todos los bienes de la empresa y con ello hacer frente a lo que se pueda llegar a cubrir de las deudas.<\/span><\/p>\n<p><span>A esa liquidaci\u00f3n tambi\u00e9n podr\u00eda llegarse de no aprobarse<span class=\"Apple-converted-space\">\u00a0 <\/span>por los acreedores el convenio antes citado.<span class=\"Apple-converted-space\">\u00a0<\/span><\/span><\/p>\n<p><span>Es un procedimiento costoso, pero que puede salvar toda la empresa y a los administradores y su patrimonio, y reducir considerablemente las deudas de la sociedad,<span class=\"Apple-converted-space\">\u00a0 <\/span>para darle viabilidad empresarial.<span class=\"Apple-converted-space\">\u00a0<\/span><\/span><\/p>\n<p><span><\/span><\/p>\n<p><span>Es importante tambi\u00e9n que si una empresa que debe dinero a la vuestra entra en concurso de acreedores, notificar adecuadamente<span class=\"Apple-converted-space\">\u00a0 <\/span>el origen e importe de la deuda, y vigilar in situ en el procedimiento la tramitaci\u00f3n del mismo, y exigir en su caso la investigaci\u00f3n de las operaciones mercantiles y econ\u00f3micas llevadas a cabo en los a\u00f1os anteriores por la empresa y sus administradores, as\u00ed como incluso exigir la declaraci\u00f3n de culpabilidad de los administradores; y negociar en su caso el convenio que se pacte.<span class=\"Apple-converted-space\">\u00a0<\/span><\/span><\/p>\n<p><span><\/span><\/p>\n<p><span>Como Postgraduado en Direcci\u00f3n Contable y Financiera de Empresas por la Universidad de Zaragoza, (Facultad Empresariales y Econ\u00f3micas) en 1995-1996 y habiendo superado el Curso de Administrador Concursal del Real e Ilustre Colegio de Abogados de Zaragoza podemos asesorarle.<\/span><\/p>\n<p>[\/et_pb_text][\/et_pb_column][\/et_pb_row][\/et_pb_section][et_pb_section fb_built=\u00bb1&#8243; _builder_version=\u00bb4.4.4&#8243; background_color=\u00bb#2f3a47&#8243; custom_padding=\u00bb20px||16px|||\u00bb global_module=\u00bb654&#8243;][et_pb_row _builder_version=\u00bb4.4.2&#8243;][et_pb_column type=\u00bb4_4&#8243; _builder_version=\u00bb4.4.2&#8243;][et_pb_button button_url=\u00bbhttps:\/\/web.gorgees.com\u00bb button_text=\u00bbINICIO\u00bb button_alignment=\u00bbcenter\u00bb _builder_version=\u00bb4.4.4&#8243;][\/et_pb_button][\/et_pb_column][\/et_pb_row][\/et_pb_section]<\/p>\n","protected":false},"excerpt":{"rendered":"<p>[et_pb_section fb_built=\u00bb1&#8243; module_id=\u00bbciviles\u00bb _builder_version=\u00bb4.4.2&#8243; custom_margin=\u00bb||24px|||\u00bb custom_padding=\u00bb0px||0px||false|false\u00bb][et_pb_row _builder_version=\u00bb4.4.2&#8243; custom_margin=\u00bb|auto|-28px|auto||\u00bb custom_padding=\u00bb40px|||||\u00bb][et_pb_column type=\u00bb4_4&#8243; _builder_version=\u00bb4.4.2&#8243;][et_pb_text _builder_version=\u00bb4.4.4&#8243; header_text_align=\u00bbleft\u00bb custom_margin=\u00bb0px|||25px|false|false\u00bb custom_padding=\u00bb|50px|||false|false\u00bb link_option_url=\u00bbhttps:\/\/web.gorgees.com\/index.php\/reclamaciones-civiles\/\u00bb hover_enabled=\u00bb0&#8243; header_font_size_tablet=\u00bb\u00bb header_font_size_phone=\u00bb\u00bb header_font_size_last_edited=\u00bbon|phone\u00bb] EMPRESAS [\/et_pb_text][\/et_pb_column][\/et_pb_row][et_pb_row _builder_version=\u00bb4.4.2&#8243; width=\u00bb100%\u00bb custom_padding=\u00bb50px|||||\u00bb][et_pb_column type=\u00bb4_4&#8243; _builder_version=\u00bb4.4.2&#8243;][et_pb_text _builder_version=\u00bb4.4.4&#8243; custom_margin=\u00bb|||25px|false|false\u00bb hover_enabled=\u00bb0&#8243;] RECLAMACI\u00d3N DE IMPAGADOS ESCRITURAS DE LA SOCIEDAD ACUERDOS PARA-SOCIALES RECLAMACI\u00d3N RESPONSABILIDAD ADMINISTRADORES DEFENSA EN DERIVACI\u00d3N DE DEUDAS A ADMINISTRADORES POR LA SEGURIDAD SOCIAL Y HACIENDA [&hellip;]<\/p>\n","protected":false},"author":1,"featured_media":0,"parent":0,"menu_order":0,"comment_status":"closed","ping_status":"closed","template":"","meta":{"_et_pb_use_builder":"on","_et_pb_old_content":"","_et_gb_content_width":""},"yoast_head":"<!-- This site is optimized with the Yoast SEO plugin v16.0.2 - https:\/\/yoast.com\/wordpress\/plugins\/seo\/ -->\n<title>Empresas - Gorgees abogados<\/title>\n<link rel=\"canonical\" href=\"https:\/\/web.gorgees.com\/index.php\/empresas\/\" \/>\n<meta property=\"og:locale\" content=\"es_ES\" \/>\n<meta property=\"og:type\" content=\"article\" \/>\n<meta property=\"og:title\" content=\"Empresas - Gorgees abogados\" \/>\n<meta property=\"og:description\" content=\"[et_pb_section fb_built=\u00bb1&#8243; module_id=\u00bbciviles\u00bb _builder_version=\u00bb4.4.2&#8243; custom_margin=\u00bb||24px|||\u00bb custom_padding=\u00bb0px||0px||false|false\u00bb][et_pb_row _builder_version=\u00bb4.4.2&#8243; custom_margin=\u00bb|auto|-28px|auto||\u00bb custom_padding=\u00bb40px|||||\u00bb][et_pb_column type=\u00bb4_4&#8243; _builder_version=\u00bb4.4.2&#8243;][et_pb_text _builder_version=\u00bb4.4.4&#8243; header_text_align=\u00bbleft\u00bb custom_margin=\u00bb0px|||25px|false|false\u00bb custom_padding=\u00bb|50px|||false|false\u00bb link_option_url=\u00bbhttps:\/\/web.gorgees.com\/index.php\/reclamaciones-civiles\/\u00bb hover_enabled=\u00bb0&#8243; header_font_size_tablet=\u00bb\u00bb header_font_size_phone=\u00bb\u00bb header_font_size_last_edited=\u00bbon|phone\u00bb] EMPRESAS [\/et_pb_text][\/et_pb_column][\/et_pb_row][et_pb_row _builder_version=\u00bb4.4.2&#8243; width=\u00bb100%\u00bb custom_padding=\u00bb50px|||||\u00bb][et_pb_column type=\u00bb4_4&#8243; _builder_version=\u00bb4.4.2&#8243;][et_pb_text _builder_version=\u00bb4.4.4&#8243; custom_margin=\u00bb|||25px|false|false\u00bb hover_enabled=\u00bb0&#8243;] RECLAMACI\u00d3N DE IMPAGADOS ESCRITURAS DE LA SOCIEDAD ACUERDOS PARA-SOCIALES RECLAMACI\u00d3N RESPONSABILIDAD ADMINISTRADORES DEFENSA EN DERIVACI\u00d3N DE DEUDAS A ADMINISTRADORES POR LA SEGURIDAD SOCIAL Y HACIENDA [&hellip;]\" \/>\n<meta property=\"og:url\" content=\"https:\/\/web.gorgees.com\/index.php\/empresas\/\" \/>\n<meta property=\"og:site_name\" content=\"Gorgees abogados\" \/>\n<meta property=\"article:modified_time\" content=\"2020-05-29T08:51:36+00:00\" \/>\n<meta name=\"twitter:card\" content=\"summary_large_image\" \/>\n<meta name=\"twitter:label1\" content=\"Tiempo de lectura\">\n\t<meta name=\"twitter:data1\" content=\"10 minutos\">\n<script type=\"application\/ld+json\" class=\"yoast-schema-graph\">{\"@context\":\"https:\/\/schema.org\",\"@graph\":[{\"@type\":\"WebSite\",\"@id\":\"https:\/\/web.gorgees.com\/#website\",\"url\":\"https:\/\/web.gorgees.com\/\",\"name\":\"Gorgees abogados\",\"description\":\"Bufete de abogados\",\"potentialAction\":[{\"@type\":\"SearchAction\",\"target\":\"https:\/\/web.gorgees.com\/?s={search_term_string}\",\"query-input\":\"required name=search_term_string\"}],\"inLanguage\":\"es\"},{\"@type\":\"WebPage\",\"@id\":\"https:\/\/web.gorgees.com\/index.php\/empresas\/#webpage\",\"url\":\"https:\/\/web.gorgees.com\/index.php\/empresas\/\",\"name\":\"Empresas - Gorgees abogados\",\"isPartOf\":{\"@id\":\"https:\/\/web.gorgees.com\/#website\"},\"datePublished\":\"2020-05-29T08:42:51+00:00\",\"dateModified\":\"2020-05-29T08:51:36+00:00\",\"breadcrumb\":{\"@id\":\"https:\/\/web.gorgees.com\/index.php\/empresas\/#breadcrumb\"},\"inLanguage\":\"es\",\"potentialAction\":[{\"@type\":\"ReadAction\",\"target\":[\"https:\/\/web.gorgees.com\/index.php\/empresas\/\"]}]},{\"@type\":\"BreadcrumbList\",\"@id\":\"https:\/\/web.gorgees.com\/index.php\/empresas\/#breadcrumb\",\"itemListElement\":[{\"@type\":\"ListItem\",\"position\":1,\"item\":{\"@type\":\"WebPage\",\"@id\":\"https:\/\/web.gorgees.com\/\",\"url\":\"https:\/\/web.gorgees.com\/\",\"name\":\"Portada\"}},{\"@type\":\"ListItem\",\"position\":2,\"item\":{\"@type\":\"WebPage\",\"@id\":\"https:\/\/web.gorgees.com\/index.php\/empresas\/\",\"url\":\"https:\/\/web.gorgees.com\/index.php\/empresas\/\",\"name\":\"Empresas\"}}]}]}<\/script>\n<!-- \/ Yoast SEO plugin. -->","_links":{"self":[{"href":"https:\/\/web.gorgees.com\/index.php\/wp-json\/wp\/v2\/pages\/725"}],"collection":[{"href":"https:\/\/web.gorgees.com\/index.php\/wp-json\/wp\/v2\/pages"}],"about":[{"href":"https:\/\/web.gorgees.com\/index.php\/wp-json\/wp\/v2\/types\/page"}],"author":[{"embeddable":true,"href":"https:\/\/web.gorgees.com\/index.php\/wp-json\/wp\/v2\/users\/1"}],"replies":[{"embeddable":true,"href":"https:\/\/web.gorgees.com\/index.php\/wp-json\/wp\/v2\/comments?post=725"}],"version-history":[{"count":4,"href":"https:\/\/web.gorgees.com\/index.php\/wp-json\/wp\/v2\/pages\/725\/revisions"}],"predecessor-version":[{"id":734,"href":"https:\/\/web.gorgees.com\/index.php\/wp-json\/wp\/v2\/pages\/725\/revisions\/734"}],"wp:attachment":[{"href":"https:\/\/web.gorgees.com\/index.php\/wp-json\/wp\/v2\/media?parent=725"}],"curies":[{"name":"wp","href":"https:\/\/api.w.org\/{rel}","templated":true}]}}