{"id":748,"date":"2020-05-29T11:08:08","date_gmt":"2020-05-29T09:08:08","guid":{"rendered":"https:\/\/web.gorgees.com\/?page_id=748"},"modified":"2020-05-29T11:15:09","modified_gmt":"2020-05-29T09:15:09","slug":"reclamaciones-responsabilidad-civil","status":"publish","type":"page","link":"https:\/\/web.gorgees.com\/index.php\/reclamaciones-responsabilidad-civil\/","title":{"rendered":"Reclamaciones responsabilidad civil"},"content":{"rendered":"<p>[et_pb_section fb_built=\u00bb1&#8243; module_id=\u00bbciviles\u00bb _builder_version=\u00bb4.4.2&#8243; custom_margin=\u00bb||24px|||\u00bb custom_padding=\u00bb0px||0px||false|false\u00bb][et_pb_row _builder_version=\u00bb4.4.2&#8243; custom_margin=\u00bb|auto|-28px|auto||\u00bb custom_padding=\u00bb40px|||||\u00bb][et_pb_column type=\u00bb4_4&#8243; _builder_version=\u00bb4.4.2&#8243;][et_pb_text _builder_version=\u00bb4.4.4&#8243; header_text_align=\u00bbleft\u00bb custom_margin=\u00bb0px|||25px|false|false\u00bb custom_padding=\u00bb|50px|||false|false\u00bb link_option_url=\u00bbhttps:\/\/web.gorgees.com\/index.php\/reclamaciones-civiles\/\u00bb hover_enabled=\u00bb0&#8243; header_font_size_tablet=\u00bb\u00bb header_font_size_phone=\u00bb\u00bb header_font_size_last_edited=\u00bbon|phone\u00bb]<\/p>\n<h1 style=\"text-align: center;\">RECLAMACIONES RESPONSABILIDAD CIVIL<\/h1>\n<p>[\/et_pb_text][\/et_pb_column][\/et_pb_row][et_pb_row _builder_version=\u00bb4.4.2&#8243; width=\u00bb100%\u00bb custom_padding=\u00bb50px|||||\u00bb][et_pb_column type=\u00bb4_4&#8243; _builder_version=\u00bb4.4.2&#8243;][et_pb_text _builder_version=\u00bb4.4.4&#8243; custom_margin=\u00bb|||25px|false|false\u00bb hover_enabled=\u00bb0&#8243;]<\/p>\n<ul>\n<li><a href=\"#profesional\"><span>RESPONSABILIDAD CIVIL PROFESIONAL (ABOGADOS, GESTOR\u00cdAS, ASESOR\u00cdAS, M\u00c9DICOS)<\/span><\/a><\/li>\n<li><span><a href=\"#construccion\">DERECHO DE LA CONSTRUCCI\u00d3N; RESPONSABILIDAD CONSTRUCTIVA POR DEFECTOS DE OBRA<\/a><span class=\"Apple-converted-space\">\u00a0<\/span><\/span><a href=\"https:\/\/web.gorgees.com\/index.php\/reclamaciones-civiles\/#desahucios\"><span><\/span><\/a><\/li>\n<\/ul>\n<p>[\/et_pb_text][\/et_pb_column][\/et_pb_row][\/et_pb_section][et_pb_section fb_built=\u00bb1&#8243; next_background_color=\u00bb#ffffff\u00bb module_id=\u00bbprofesional\u00bb _builder_version=\u00bb4.4.4&#8243; background_color=\u00bb#996633&#8243; transform_scale=\u00bb122%|122%\u00bb custom_padding=\u00bb14px||99px|||\u00bb bottom_divider_style=\u00bbramp2&#8243; hover_enabled=\u00bb0&#8243;][et_pb_row _builder_version=\u00bb4.4.2&#8243;][et_pb_column type=\u00bb4_4&#8243; _builder_version=\u00bb4.4.2&#8243;][et_pb_text _builder_version=\u00bb4.4.4&#8243; header_2_text_color=\u00bb#ffffff\u00bb custom_margin=\u00bb20px||||false|false\u00bb hover_enabled=\u00bb0&#8243;]<\/p>\n<h2 style=\"text-align: center;\"><span>RESPONSABILIDAD CIVIL PROFESIONAL (ABOGADOS, GESTOR\u00cdAS, ASESOR\u00cdAS, M\u00c9DICOS)<\/span><\/h2>\n<p>[\/et_pb_text][\/et_pb_column][\/et_pb_row][\/et_pb_section][et_pb_section fb_built=\u00bb1&#8243; _builder_version=\u00bb4.4.4&#8243;][et_pb_row _builder_version=\u00bb4.4.2&#8243;][et_pb_column type=\u00bb4_4&#8243; _builder_version=\u00bb4.4.2&#8243;][et_pb_text _builder_version=\u00bb4.4.4&#8243; text_font=\u00bb||||||||\u00bb text_font_size=\u00bb16px\u00bb header_font_size=\u00bb49px\u00bb header_2_font=\u00bb|600|||||||\u00bb header_2_text_align=\u00bbleft\u00bb header_2_line_height=\u00bb2em\u00bb header_5_line_height=\u00bb2em\u00bb text_orientation=\u00bbjustified\u00bb hover_enabled=\u00bb0&#8243;]<\/p>\n<h2><\/h2>\n<p><span>En los \u00faltimos a\u00f1os ha proliferado la reclamaci\u00f3n a profesionales por negligencia en el actuar de sus obligaciones profesionales y se est\u00e1 reclamando a abogados, gestor\u00edas, asesor\u00edas, m\u00e9dicos, etc por las acciones e incluso las omisiones de no haber llevado a cabo un correcto asesoramiento, un correcta aplicaci\u00f3n de lo que se llama la lex artis, es decir de los conocimientos que se le suponen, y que ha derivado en un da\u00f1o econ\u00f3mico o personal, que puede reclamarse. Tambi\u00e9n<span class=\"Apple-converted-space\">\u00a0 <\/span>adem\u00e1s de por defectuoso asesoramiento puede deberse a no haber presentado por ejemplo liquidaciones tributarias o sociales a tiempo.<span class=\"Apple-converted-space\">\u00a0<\/span><\/span><\/p>\n<p><span>Es un mundo complejo porque no s\u00f3lo existe la teor\u00eda llamada de la oportunidad perdida sino que el da\u00f1o producido debe ser diferente a aqu\u00e9l que se hubiera producido como consecuencia de un correcto asesoramiento y la Jurisprudencia sobre los casos es ampl\u00edsima y muy detallista y no es f\u00e1cil conocerla. Suelen ser pleitos muy trabajados y laboriosos y largos. Por lo que se necesita un asesoramiento experto, y como tales hemos actuado en varios procedimientos millonarios con excelente resultado.<\/span><\/p>\n<p>[\/et_pb_text][\/et_pb_column][\/et_pb_row][\/et_pb_section][et_pb_section fb_built=\u00bb1&#8243; next_background_color=\u00bb#ffffff\u00bb module_id=\u00bbconstruccion\u00bb _builder_version=\u00bb4.4.4&#8243; background_color=\u00bb#996633&#8243; transform_scale=\u00bb122%|122%\u00bb custom_padding=\u00bb14px||99px|||\u00bb bottom_divider_style=\u00bbramp2&#8243; hover_enabled=\u00bb0&#8243;][et_pb_row _builder_version=\u00bb4.4.2&#8243;][et_pb_column type=\u00bb4_4&#8243; _builder_version=\u00bb4.4.2&#8243;][et_pb_text _builder_version=\u00bb4.4.4&#8243; header_2_text_color=\u00bb#ffffff\u00bb custom_margin=\u00bb20px||||false|false\u00bb hover_enabled=\u00bb0&#8243;]<\/p>\n<h2 style=\"text-align: center;\"><span><b>DERECHO DE LA CONSTRUCCI\u00d3N; RESPONSABILIDAD CONSTRUCTIVA POR DEFECTOS DE OBRA.<\/b><\/span><\/h2>\n<p>[\/et_pb_text][\/et_pb_column][\/et_pb_row][\/et_pb_section][et_pb_section fb_built=\u00bb1&#8243; _builder_version=\u00bb4.4.4&#8243;][et_pb_row _builder_version=\u00bb4.4.2&#8243;][et_pb_column type=\u00bb4_4&#8243; _builder_version=\u00bb4.4.2&#8243;][et_pb_text _builder_version=\u00bb4.4.4&#8243; text_font=\u00bb||||||||\u00bb text_font_size=\u00bb16px\u00bb header_font_size=\u00bb49px\u00bb header_2_font=\u00bb|600|||||||\u00bb header_2_text_align=\u00bbleft\u00bb header_2_line_height=\u00bb2em\u00bb header_5_line_height=\u00bb2em\u00bb text_orientation=\u00bbjustified\u00bb hover_enabled=\u00bb0&#8243;]<\/p>\n<h2><\/h2>\n<p><span>Desde antes de la Ley de Ordenaci\u00f3n de la Edificaci\u00f3n, y tambi\u00e9n tras \u00e9sta, la complejidad de \u00e9ste tipo de asuntos en los que se reclama los da\u00f1os producidos por una obra defectuosa hacen muy necesario conocer la normativa y la Jurisprudencia, y contar con unas periciales arquitect\u00f3nicas adecuadas al caso concreto. Cada caso debe analizarse minuciosamente dado que existen tres plazos seg\u00fan el tipo de defecto constructivo (1 a\u00f1o, 3 a\u00f1os, 10 a\u00f1os) y hay que determinar tambi\u00e9n de qui\u00e9n es la responsabilidad ya que las tareas est\u00e1n repartidas en funci\u00f3n de la responsabilidad de cada parte actuante; promotora, constructora, arquitecto superior y arquitecto t\u00e9cnico, y en cada pleito hay<span class=\"Apple-converted-space\">\u00a0 <\/span>que saber a qui\u00e9n demandar y a qui\u00e9n no, porque de lo contrario puede estimarse la demanda contra alguno de ellos pero no contra algunos otros y eso puede conllevar que haya una condena en costas que deba pagarse a favor del gremio no condenado.<span class=\"Apple-converted-space\">\u00a0<\/span><\/span><\/p>\n<p><span>Como socio de una promotora tambi\u00e9n asesoramos a las empresas promotoras para la redacci\u00f3n y el buen cumplimiento del contrato de construcci\u00f3n evitando problemas posteriores en caso de incumplimientos de la empresa constructora, o respecto de las obligaciones con los compradores.<span class=\"Apple-converted-space\">\u00a0<\/span><\/span><\/p>\n<p><span>Asesoramos por tanto a todas las empresas implicadas desde la promotora a la constructora, a los gremios, y a los profesionales t\u00e9cnicos (arquitectos, ingenieros).<\/span><\/p>\n<p>[\/et_pb_text][\/et_pb_column][\/et_pb_row][\/et_pb_section][et_pb_section fb_built=\u00bb1&#8243; _builder_version=\u00bb4.4.4&#8243; background_color=\u00bb#2f3a47&#8243; custom_padding=\u00bb20px||16px|||\u00bb global_module=\u00bb654&#8243;][et_pb_row _builder_version=\u00bb4.4.2&#8243;][et_pb_column type=\u00bb4_4&#8243; _builder_version=\u00bb4.4.2&#8243;][et_pb_button button_url=\u00bbhttps:\/\/web.gorgees.com\u00bb button_text=\u00bbINICIO\u00bb button_alignment=\u00bbcenter\u00bb _builder_version=\u00bb4.4.4&#8243;][\/et_pb_button][\/et_pb_column][\/et_pb_row][\/et_pb_section]<\/p>\n","protected":false},"excerpt":{"rendered":"<p>[et_pb_section fb_built=\u00bb1&#8243; module_id=\u00bbciviles\u00bb _builder_version=\u00bb4.4.2&#8243; custom_margin=\u00bb||24px|||\u00bb custom_padding=\u00bb0px||0px||false|false\u00bb][et_pb_row _builder_version=\u00bb4.4.2&#8243; custom_margin=\u00bb|auto|-28px|auto||\u00bb custom_padding=\u00bb40px|||||\u00bb][et_pb_column type=\u00bb4_4&#8243; _builder_version=\u00bb4.4.2&#8243;][et_pb_text _builder_version=\u00bb4.4.4&#8243; header_text_align=\u00bbleft\u00bb custom_margin=\u00bb0px|||25px|false|false\u00bb custom_padding=\u00bb|50px|||false|false\u00bb link_option_url=\u00bbhttps:\/\/web.gorgees.com\/index.php\/reclamaciones-civiles\/\u00bb hover_enabled=\u00bb0&#8243; header_font_size_tablet=\u00bb\u00bb header_font_size_phone=\u00bb\u00bb header_font_size_last_edited=\u00bbon|phone\u00bb] RECLAMACIONES RESPONSABILIDAD CIVIL [\/et_pb_text][\/et_pb_column][\/et_pb_row][et_pb_row _builder_version=\u00bb4.4.2&#8243; width=\u00bb100%\u00bb custom_padding=\u00bb50px|||||\u00bb][et_pb_column type=\u00bb4_4&#8243; _builder_version=\u00bb4.4.2&#8243;][et_pb_text _builder_version=\u00bb4.4.4&#8243; custom_margin=\u00bb|||25px|false|false\u00bb hover_enabled=\u00bb0&#8243;] RESPONSABILIDAD CIVIL PROFESIONAL (ABOGADOS, GESTOR\u00cdAS, ASESOR\u00cdAS, M\u00c9DICOS) DERECHO DE LA CONSTRUCCI\u00d3N; RESPONSABILIDAD CONSTRUCTIVA POR DEFECTOS DE OBRA\u00a0 [\/et_pb_text][\/et_pb_column][\/et_pb_row][\/et_pb_section][et_pb_section fb_built=\u00bb1&#8243; next_background_color=\u00bb#ffffff\u00bb module_id=\u00bbprofesional\u00bb _builder_version=\u00bb4.4.4&#8243; background_color=\u00bb#996633&#8243; [&hellip;]<\/p>\n","protected":false},"author":1,"featured_media":0,"parent":0,"menu_order":0,"comment_status":"closed","ping_status":"closed","template":"","meta":{"_et_pb_use_builder":"on","_et_pb_old_content":"","_et_gb_content_width":""},"yoast_head":"<!-- This site is optimized with the Yoast SEO plugin v16.0.2 - https:\/\/yoast.com\/wordpress\/plugins\/seo\/ -->\n<title>Reclamaciones responsabilidad civil - Gorgees abogados<\/title>\n<link rel=\"canonical\" href=\"https:\/\/web.gorgees.com\/index.php\/reclamaciones-responsabilidad-civil\/\" \/>\n<meta property=\"og:locale\" content=\"es_ES\" \/>\n<meta property=\"og:type\" content=\"article\" \/>\n<meta property=\"og:title\" content=\"Reclamaciones responsabilidad civil - Gorgees abogados\" \/>\n<meta property=\"og:description\" content=\"[et_pb_section fb_built=\u00bb1&#8243; module_id=\u00bbciviles\u00bb _builder_version=\u00bb4.4.2&#8243; custom_margin=\u00bb||24px|||\u00bb custom_padding=\u00bb0px||0px||false|false\u00bb][et_pb_row _builder_version=\u00bb4.4.2&#8243; custom_margin=\u00bb|auto|-28px|auto||\u00bb custom_padding=\u00bb40px|||||\u00bb][et_pb_column type=\u00bb4_4&#8243; _builder_version=\u00bb4.4.2&#8243;][et_pb_text _builder_version=\u00bb4.4.4&#8243; header_text_align=\u00bbleft\u00bb custom_margin=\u00bb0px|||25px|false|false\u00bb custom_padding=\u00bb|50px|||false|false\u00bb link_option_url=\u00bbhttps:\/\/web.gorgees.com\/index.php\/reclamaciones-civiles\/\u00bb hover_enabled=\u00bb0&#8243; header_font_size_tablet=\u00bb\u00bb header_font_size_phone=\u00bb\u00bb header_font_size_last_edited=\u00bbon|phone\u00bb] RECLAMACIONES RESPONSABILIDAD CIVIL [\/et_pb_text][\/et_pb_column][\/et_pb_row][et_pb_row _builder_version=\u00bb4.4.2&#8243; width=\u00bb100%\u00bb custom_padding=\u00bb50px|||||\u00bb][et_pb_column type=\u00bb4_4&#8243; _builder_version=\u00bb4.4.2&#8243;][et_pb_text _builder_version=\u00bb4.4.4&#8243; custom_margin=\u00bb|||25px|false|false\u00bb hover_enabled=\u00bb0&#8243;] RESPONSABILIDAD CIVIL PROFESIONAL (ABOGADOS, GESTOR\u00cdAS, ASESOR\u00cdAS, M\u00c9DICOS) DERECHO DE LA CONSTRUCCI\u00d3N; RESPONSABILIDAD CONSTRUCTIVA POR DEFECTOS DE OBRA\u00a0 [\/et_pb_text][\/et_pb_column][\/et_pb_row][\/et_pb_section][et_pb_section fb_built=\u00bb1&#8243; next_background_color=\u00bb#ffffff\u00bb module_id=\u00bbprofesional\u00bb _builder_version=\u00bb4.4.4&#8243; background_color=\u00bb#996633&#8243; [&hellip;]\" \/>\n<meta property=\"og:url\" content=\"https:\/\/web.gorgees.com\/index.php\/reclamaciones-responsabilidad-civil\/\" \/>\n<meta property=\"og:site_name\" content=\"Gorgees abogados\" \/>\n<meta property=\"article:modified_time\" content=\"2020-05-29T09:15:09+00:00\" \/>\n<meta name=\"twitter:card\" content=\"summary_large_image\" \/>\n<meta name=\"twitter:label1\" content=\"Tiempo de lectura\">\n\t<meta name=\"twitter:data1\" content=\"5 minutos\">\n<script type=\"application\/ld+json\" class=\"yoast-schema-graph\">{\"@context\":\"https:\/\/schema.org\",\"@graph\":[{\"@type\":\"WebSite\",\"@id\":\"https:\/\/web.gorgees.com\/#website\",\"url\":\"https:\/\/web.gorgees.com\/\",\"name\":\"Gorgees abogados\",\"description\":\"Bufete de abogados\",\"potentialAction\":[{\"@type\":\"SearchAction\",\"target\":\"https:\/\/web.gorgees.com\/?s={search_term_string}\",\"query-input\":\"required name=search_term_string\"}],\"inLanguage\":\"es\"},{\"@type\":\"WebPage\",\"@id\":\"https:\/\/web.gorgees.com\/index.php\/reclamaciones-responsabilidad-civil\/#webpage\",\"url\":\"https:\/\/web.gorgees.com\/index.php\/reclamaciones-responsabilidad-civil\/\",\"name\":\"Reclamaciones responsabilidad civil - Gorgees abogados\",\"isPartOf\":{\"@id\":\"https:\/\/web.gorgees.com\/#website\"},\"datePublished\":\"2020-05-29T09:08:08+00:00\",\"dateModified\":\"2020-05-29T09:15:09+00:00\",\"breadcrumb\":{\"@id\":\"https:\/\/web.gorgees.com\/index.php\/reclamaciones-responsabilidad-civil\/#breadcrumb\"},\"inLanguage\":\"es\",\"potentialAction\":[{\"@type\":\"ReadAction\",\"target\":[\"https:\/\/web.gorgees.com\/index.php\/reclamaciones-responsabilidad-civil\/\"]}]},{\"@type\":\"BreadcrumbList\",\"@id\":\"https:\/\/web.gorgees.com\/index.php\/reclamaciones-responsabilidad-civil\/#breadcrumb\",\"itemListElement\":[{\"@type\":\"ListItem\",\"position\":1,\"item\":{\"@type\":\"WebPage\",\"@id\":\"https:\/\/web.gorgees.com\/\",\"url\":\"https:\/\/web.gorgees.com\/\",\"name\":\"Portada\"}},{\"@type\":\"ListItem\",\"position\":2,\"item\":{\"@type\":\"WebPage\",\"@id\":\"https:\/\/web.gorgees.com\/index.php\/reclamaciones-responsabilidad-civil\/\",\"url\":\"https:\/\/web.gorgees.com\/index.php\/reclamaciones-responsabilidad-civil\/\",\"name\":\"Reclamaciones responsabilidad civil\"}}]}]}<\/script>\n<!-- \/ Yoast SEO plugin. -->","_links":{"self":[{"href":"https:\/\/web.gorgees.com\/index.php\/wp-json\/wp\/v2\/pages\/748"}],"collection":[{"href":"https:\/\/web.gorgees.com\/index.php\/wp-json\/wp\/v2\/pages"}],"about":[{"href":"https:\/\/web.gorgees.com\/index.php\/wp-json\/wp\/v2\/types\/page"}],"author":[{"embeddable":true,"href":"https:\/\/web.gorgees.com\/index.php\/wp-json\/wp\/v2\/users\/1"}],"replies":[{"embeddable":true,"href":"https:\/\/web.gorgees.com\/index.php\/wp-json\/wp\/v2\/comments?post=748"}],"version-history":[{"count":3,"href":"https:\/\/web.gorgees.com\/index.php\/wp-json\/wp\/v2\/pages\/748\/revisions"}],"predecessor-version":[{"id":752,"href":"https:\/\/web.gorgees.com\/index.php\/wp-json\/wp\/v2\/pages\/748\/revisions\/752"}],"wp:attachment":[{"href":"https:\/\/web.gorgees.com\/index.php\/wp-json\/wp\/v2\/media?parent=748"}],"curies":[{"name":"wp","href":"https:\/\/api.w.org\/{rel}","templated":true}]}}