{"id":770,"date":"2020-05-29T11:44:01","date_gmt":"2020-05-29T09:44:01","guid":{"rendered":"https:\/\/web.gorgees.com\/?page_id=770"},"modified":"2020-05-29T11:46:23","modified_gmt":"2020-05-29T09:46:23","slug":"derecho-penal","status":"publish","type":"page","link":"https:\/\/web.gorgees.com\/index.php\/derecho-penal\/","title":{"rendered":"Derecho penal"},"content":{"rendered":"<p>[et_pb_section fb_built=\u00bb1&#8243; module_id=\u00bbciviles\u00bb _builder_version=\u00bb4.4.2&#8243; custom_margin=\u00bb||24px|||\u00bb custom_padding=\u00bb0px||0px||false|false\u00bb][et_pb_row _builder_version=\u00bb4.4.2&#8243; custom_margin=\u00bb|auto|-28px|auto||\u00bb custom_padding=\u00bb40px|||||\u00bb][et_pb_column type=\u00bb4_4&#8243; _builder_version=\u00bb4.4.2&#8243;][et_pb_text _builder_version=\u00bb4.4.4&#8243; header_text_align=\u00bbleft\u00bb custom_margin=\u00bb0px|||25px|false|false\u00bb custom_padding=\u00bb|50px|||false|false\u00bb link_option_url=\u00bbhttps:\/\/web.gorgees.com\/index.php\/reclamaciones-civiles\/\u00bb header_font_size_tablet=\u00bb\u00bb header_font_size_phone=\u00bb\u00bb header_font_size_last_edited=\u00bbon|phone\u00bb]<\/p>\n<h1 style=\"text-align: center;\">DERECHO PENAL<\/h1>\n<p>[\/et_pb_text][\/et_pb_column][\/et_pb_row][et_pb_row _builder_version=\u00bb4.4.2&#8243; width=\u00bb100%\u00bb custom_padding=\u00bb50px|||||\u00bb][et_pb_column type=\u00bb4_4&#8243; _builder_version=\u00bb4.4.2&#8243;][et_pb_text _builder_version=\u00bb4.4.4&#8243; custom_margin=\u00bb|||25px|false|false\u00bb hover_enabled=\u00bb0&#8243;]<\/p>\n<p><a href=\"https:\/\/web.gorgees.com\/index.php\/reclamaciones-civiles\/#contratos\"><span><\/span><\/a><\/p>\n<ul>\n<li><a href=\"#delitoseconomicos\"><span>DELITOS ECON\u00d3MICOS EMPRESARIALES<\/span><\/a><\/li>\n<li><a href=\"#estafas\"><span>ESTAFAS<\/span><\/a><\/li>\n<li><a href=\"#alcoholemias\"><span>ALCOHOLEMIAS<\/span><\/a><\/li>\n<li><a href=\"#violenciagenero\"><span>VIOLENCIA DE G\u00c9NERO<\/span><\/a><\/li>\n<li><a href=\"#lesiones\"><span>LESIONES<\/span><\/a><\/li>\n<li><a href=\"#menores\"><span>MENORES<\/span><\/a><\/li>\n<\/ul>\n<p>[\/et_pb_text][\/et_pb_column][\/et_pb_row][\/et_pb_section][et_pb_section fb_built=\u00bb1&#8243; next_background_color=\u00bb#ffffff\u00bb module_id=\u00bbdelitoseconomicos\u00bb _builder_version=\u00bb4.4.4&#8243; background_color=\u00bb#996633&#8243; transform_scale=\u00bb122%|122%\u00bb custom_padding=\u00bb14px||99px|||\u00bb bottom_divider_style=\u00bbramp2&#8243;][et_pb_row _builder_version=\u00bb4.4.2&#8243;][et_pb_column type=\u00bb4_4&#8243; _builder_version=\u00bb4.4.2&#8243;][et_pb_text _builder_version=\u00bb4.4.4&#8243; header_2_text_color=\u00bb#ffffff\u00bb custom_margin=\u00bb20px||||false|false\u00bb]<\/p>\n<h2 style=\"text-align: center;\">DELITOS ECON\u00d3MICOS EMPRESARIALES<\/h2>\n<p>[\/et_pb_text][\/et_pb_column][\/et_pb_row][\/et_pb_section][et_pb_section fb_built=\u00bb1&#8243; _builder_version=\u00bb4.4.4&#8243;][et_pb_row _builder_version=\u00bb4.4.2&#8243;][et_pb_column type=\u00bb4_4&#8243; _builder_version=\u00bb4.4.2&#8243;][et_pb_text _builder_version=\u00bb4.4.4&#8243; text_font=\u00bb||||||||\u00bb text_font_size=\u00bb16px\u00bb header_font_size=\u00bb49px\u00bb header_2_font=\u00bb|600|||||||\u00bb header_2_text_align=\u00bbleft\u00bb header_2_line_height=\u00bb2em\u00bb header_5_line_height=\u00bb2em\u00bb text_orientation=\u00bbjustified\u00bb]<\/p>\n<h2><\/h2>\n<p><span>Asesoramos tanto en la acusaci\u00f3n como en la defensa de delitos econ\u00f3micos empresariales como pueden ser el llamado alzamiento de bienes, delitos societarios cometidos por los administradores como administraci\u00f3n desleal, insolvencia punible, estafas y fraude en compras e inversiones,<span class=\"Apple-converted-space\">\u00a0 <\/span>apropiaci\u00f3n indebida, fraude fiscal, as\u00ed como en robos y<span class=\"Apple-converted-space\">\u00a0 <\/span>hurtos.<\/span><\/p>\n<p><span>En estos casos es fundamental actuar desde el primer momento, incluso antes de interponer la denuncia, recopilando toda la prueba posible y organizando el desarrollo comprensible e hist\u00f3rico de la denuncia y<span class=\"Apple-converted-space\">\u00a0 <\/span>de los hechos.<\/span><\/p>\n<p>[\/et_pb_text][\/et_pb_column][\/et_pb_row][\/et_pb_section][et_pb_section fb_built=\u00bb1&#8243; next_background_color=\u00bb#ffffff\u00bb module_id=\u00bbestafas\u00bb _builder_version=\u00bb4.4.4&#8243; background_color=\u00bb#996633&#8243; transform_scale=\u00bb122%|122%\u00bb custom_padding=\u00bb14px||99px|||\u00bb bottom_divider_style=\u00bbramp2&#8243;][et_pb_row _builder_version=\u00bb4.4.2&#8243;][et_pb_column type=\u00bb4_4&#8243; _builder_version=\u00bb4.4.2&#8243;][et_pb_text _builder_version=\u00bb4.4.4&#8243; header_2_text_color=\u00bb#ffffff\u00bb custom_margin=\u00bb20px||||false|false\u00bb]<\/p>\n<h2 style=\"text-align: center;\">ESTAFAS<\/h2>\n<p>[\/et_pb_text][\/et_pb_column][\/et_pb_row][\/et_pb_section][et_pb_section fb_built=\u00bb1&#8243; _builder_version=\u00bb4.4.4&#8243;][et_pb_row _builder_version=\u00bb4.4.2&#8243;][et_pb_column type=\u00bb4_4&#8243; _builder_version=\u00bb4.4.2&#8243;][et_pb_text _builder_version=\u00bb4.4.4&#8243; text_font=\u00bb||||||||\u00bb text_font_size=\u00bb16px\u00bb header_font_size=\u00bb49px\u00bb header_2_font=\u00bb|600|||||||\u00bb header_2_text_align=\u00bbleft\u00bb header_2_line_height=\u00bb2em\u00bb header_5_line_height=\u00bb2em\u00bb text_orientation=\u00bbjustified\u00bb]<\/p>\n<h2><\/h2>\n<p><span>Adem\u00e1s de las estafas a empresas, \u00faltimamente se est\u00e1 produciendo una masiva delincuencia organizada o no, que efect\u00faa estafas a trav\u00e9s de internet, bien mediante compras online, por compras<span class=\"Apple-converted-space\">\u00a0 <\/span>de productos de segunda mano en determinadas webs aplicaciones o redes, como wallapop, whatsapp, etc, e incluso con la venta de objetos robados a bajo precio (que ser\u00eda un delito de receptaci\u00f3n si se conoce que el producto es robado; y a\u00fan si no se conoce la procedencia, el objeto es requisado tambi\u00e9n por la Polic\u00eda).<span class=\"Apple-converted-space\">\u00a0<\/span><\/span><\/p>\n<p><span>Consejo; no pagar por empresas de env\u00edo de dinero o mediante c\u00f3digos. Siempre por transferencia bancaria (al menos queda reflejado la titularidad de la cuenta que lo recibe). No enviar foto del DNI porque luego lo usan para cometer delitos a tu nombre.<span class=\"Apple-converted-space\">\u00a0<\/span><\/span><\/p>\n<p>[\/et_pb_text][\/et_pb_column][\/et_pb_row][\/et_pb_section][et_pb_section fb_built=\u00bb1&#8243; next_background_color=\u00bb#ffffff\u00bb module_id=\u00bbalcoholemias\u00bb _builder_version=\u00bb4.4.4&#8243; background_color=\u00bb#996633&#8243; transform_scale=\u00bb122%|122%\u00bb custom_padding=\u00bb14px||99px|||\u00bb bottom_divider_style=\u00bbramp2&#8243;][et_pb_row _builder_version=\u00bb4.4.2&#8243;][et_pb_column type=\u00bb4_4&#8243; _builder_version=\u00bb4.4.2&#8243;][et_pb_text _builder_version=\u00bb4.4.4&#8243; header_2_text_color=\u00bb#ffffff\u00bb custom_margin=\u00bb20px||||false|false\u00bb]<\/p>\n<h2 style=\"text-align: center;\">ALCOHOLEMIAS<\/h2>\n<p>[\/et_pb_text][\/et_pb_column][\/et_pb_row][\/et_pb_section][et_pb_section fb_built=\u00bb1&#8243; _builder_version=\u00bb4.4.4&#8243;][et_pb_row _builder_version=\u00bb4.4.2&#8243;][et_pb_column type=\u00bb4_4&#8243; _builder_version=\u00bb4.4.2&#8243;][et_pb_text _builder_version=\u00bb4.4.4&#8243; text_font=\u00bb||||||||\u00bb text_font_size=\u00bb16px\u00bb header_font_size=\u00bb49px\u00bb header_2_font=\u00bb|600|||||||\u00bb header_2_text_align=\u00bbleft\u00bb header_2_line_height=\u00bb2em\u00bb header_5_line_height=\u00bb2em\u00bb text_orientation=\u00bbjustified\u00bb]<\/p>\n<h2><\/h2>\n<p><span>Hoy en d\u00eda, salvo accidente grave, es habitual que si cometes un delito de conducci\u00f3n bajo influencia de bebidas alcoh\u00f3licas o drogas, la Polic\u00eda o Guardia Civil te deje en libertad y te cite para un juicio r\u00e1pido al d\u00eda siguiente en el Juzgado de Guardia.<\/span><\/p>\n<p><span>Es importante estar bien asesorado por lo que nada m\u00e1s recibas la citaci\u00f3n debes ponerte en contacto con un abogado ya que primero deber\u00e1 saber si se cumplen los requisitos para haber cometido o no el delito y su gravedad, y adem\u00e1s porque podr\u00e1 negociar in situ en el Juzgado de Guardia con la Fiscal\u00eda una pena adecuada, que si es aceptada autom\u00e1ticamente por Ley se reducir\u00e1 en un tercio la pena solicitada tanto de retirada de carnet como de meses de multa. <span class=\"Apple-converted-space\">\u00a0<\/span><\/span><\/p>\n<p><span>Debes saber que conducir con una tasa superior a 0,6 expirado (cuando soplas) es delito s\u00ed o s\u00ed, aunque seas capaz de andar bien o hablar bien.<\/span><\/p>\n<p><span>Debes saber que no puedes negarte a que te hagan la prueba del alcohol\u00edmetro porque esa negativa supone la comisi\u00f3n de otro delito.<\/span><\/p>\n<p><span>Debes saber que tienes derecho a que despu\u00e9s de la prueba del alcohol\u00edmetro puedes pedir que te lleven a extraer sangre.<span class=\"Apple-converted-space\">\u00a0<\/span><\/span><\/p>\n<p><span>Debes saber que la pena m\u00ednima es de un a\u00f1o de retirada de carnet, que en caso de conformidad podr\u00eda quedarse reducida a 8 meses. Pero que si ha habido un accidente o conducci\u00f3n an\u00f3mala podr\u00edan pedirte una pena mayor, seg\u00fan incluso hasta 4 a\u00f1os de retirada de carnet.<\/span><\/p>\n<p><span>Consejo (no es m\u00edo es de Stevie Wonder de hace a\u00f1os) \u201cSi bebes, no conduzcas\u201d; y yo a\u00f1ado, \u201cni te drogues\u201d (ojo porque en la prueba de saliva de drogas puede dar positivo si la toma de drogas ha sido incluso horas antes de la conducci\u00f3n). Un taxi ahorra mucho dinero porque sin carnet puedes perder hasta tu negocio o trabajo, y adem\u00e1s despu\u00e9s tendr\u00e1s que hacer (y pagar) un curso de reeducaci\u00f3n vial con un coste de 400 euros.<\/span><\/p>\n<p>[\/et_pb_text][\/et_pb_column][\/et_pb_row][\/et_pb_section][et_pb_section fb_built=\u00bb1&#8243; next_background_color=\u00bb#ffffff\u00bb module_id=\u00bbviolenciagenero\u00bb _builder_version=\u00bb4.4.4&#8243; background_color=\u00bb#996633&#8243; transform_scale=\u00bb122%|122%\u00bb custom_padding=\u00bb14px||99px|||\u00bb bottom_divider_style=\u00bbramp2&#8243; hover_enabled=\u00bb0&#8243;][et_pb_row _builder_version=\u00bb4.4.2&#8243;][et_pb_column type=\u00bb4_4&#8243; _builder_version=\u00bb4.4.2&#8243;][et_pb_text _builder_version=\u00bb4.4.4&#8243; header_2_text_color=\u00bb#ffffff\u00bb custom_margin=\u00bb20px||||false|false\u00bb]<\/p>\n<h2 style=\"text-align: center;\">VIOLENCIA DE G\u00c9NERO<\/h2>\n<p>[\/et_pb_text][\/et_pb_column][\/et_pb_row][\/et_pb_section][et_pb_section fb_built=\u00bb1&#8243; _builder_version=\u00bb4.4.4&#8243;][et_pb_row _builder_version=\u00bb4.4.2&#8243;][et_pb_column type=\u00bb4_4&#8243; _builder_version=\u00bb4.4.2&#8243;][et_pb_text _builder_version=\u00bb4.4.4&#8243; text_font=\u00bb||||||||\u00bb text_font_size=\u00bb16px\u00bb header_font_size=\u00bb49px\u00bb header_2_font=\u00bb|600|||||||\u00bb header_2_text_align=\u00bbleft\u00bb header_2_line_height=\u00bb2em\u00bb header_5_line_height=\u00bb2em\u00bb text_orientation=\u00bbjustified\u00bb]<\/p>\n<h2><\/h2>\n<p><span>La acusaci\u00f3n y defensa en \u00e9ste tipo de procedimientos debe realizarse por abogados especialistas dada la sensibilidad de \u00e9ste tipo de asuntos y las consecuencias de los mismos ya que por ejemplo en el caso de existir menores en la pareja, sea matrimonio o no, puede conllevar desde el primer momento la guarda y custodia de los mismos, una pensi\u00f3n de alimentos y el uso de la vivienda adem\u00e1s de las medidas de protecci\u00f3n para prohibir la comunicaci\u00f3n entre la pareja y el contacto f\u00edsico a trav\u00e9s del alejamiento a determinados lugares (domicilio, trabajo) y distancia en metros, as\u00ed como en cualquier lugar de la calle.<span class=\"Apple-converted-space\">\u00a0<\/span><\/span><\/p>\n<p><span>Hemos superado hace a\u00f1os ya el Curso de Especializaci\u00f3n en Defensa de V\u00edctimas de Violencia Dom\u00e9stica y de G\u00e9nero del Real e Ilustre Colegio de Abogados de Zaragoza y asistido a numerosas v\u00edctimas y tambi\u00e9n a denunciados.<\/span><\/p>\n<p><span>Si eres v\u00edctima de violencia recuerda que puedes llamar al 016 (que no aparece en la factura pero s\u00ed aparece en el m\u00f3vil en llamadas efectuadas por lo que tendr\u00e1s que borrarlo).<span class=\"Apple-converted-space\">\u00a0<\/span><\/span><\/p>\n<p>[\/et_pb_text][\/et_pb_column][\/et_pb_row][\/et_pb_section][et_pb_section fb_built=\u00bb1&#8243; next_background_color=\u00bb#ffffff\u00bb module_id=\u00bbmenores\u00bb _builder_version=\u00bb4.4.4&#8243; background_color=\u00bb#996633&#8243; transform_scale=\u00bb122%|122%\u00bb custom_padding=\u00bb14px||99px|||\u00bb bottom_divider_style=\u00bbramp2&#8243;][et_pb_row _builder_version=\u00bb4.4.2&#8243;][et_pb_column type=\u00bb4_4&#8243; _builder_version=\u00bb4.4.2&#8243;][et_pb_text _builder_version=\u00bb4.4.4&#8243; header_2_text_color=\u00bb#ffffff\u00bb custom_margin=\u00bb20px||||false|false\u00bb]<\/p>\n<h2 style=\"text-align: center;\">MENORES<\/h2>\n<p>[\/et_pb_text][\/et_pb_column][\/et_pb_row][\/et_pb_section][et_pb_section fb_built=\u00bb1&#8243; _builder_version=\u00bb4.4.4&#8243;][et_pb_row _builder_version=\u00bb4.4.2&#8243;][et_pb_column type=\u00bb4_4&#8243; _builder_version=\u00bb4.4.2&#8243;][et_pb_text _builder_version=\u00bb4.4.4&#8243; text_font=\u00bb||||||||\u00bb text_font_size=\u00bb16px\u00bb header_font_size=\u00bb49px\u00bb header_2_font=\u00bb|600|||||||\u00bb header_2_text_align=\u00bbleft\u00bb header_2_line_height=\u00bb2em\u00bb header_5_line_height=\u00bb2em\u00bb text_orientation=\u00bbjustified\u00bb]<\/p>\n<h2><\/h2>\n<p><span>En ocasiones tus hijos o hijas menores pueden verse involucrados<span class=\"Apple-converted-space\">\u00a0 <\/span>en un delito protagonizado directa o indirectamente por ellos\/as aunque la educaci\u00f3n y las advertencias familiares hayan sido adecuadas, incluso a veces por lo que pensamos que pueden ser peque\u00f1as travesuras que tienen consecuencias penales.<\/span><\/p>\n<p><span>Un peque\u00f1o hurto en una tienda, una pelea en la calle, un robo de m\u00f3vil, suelen ser los peque\u00f1os delitos que cometen menores o que en ocasiones cometen los amigos\/as de tus hijos\/as pero que al estar todos juntos, se entiende cometidos por todos\/as. Por ejemplo, si cuatro amigas entran juntas en una tienda y una de ellas se lleva un pintalabios o una camiseta, todas, las cuatro, tendr\u00e1n la consideraci\u00f3n de autores del delito y las mismas consecuencias.<\/span><\/p>\n<p><span>La consecuencia ser\u00e1 que la Polic\u00eda avisar\u00e1 a los progenitores, tendr\u00e1 que ir el menor con el progenitor a declarar a Polic\u00eda, se abrir\u00e1 un expediente en Fiscal\u00eda de Menores y el Equipo de Medio Abierto realizar\u00e1 entrevistas con el menor y los progenitores, e incluso solicitar\u00e1n informe al Colegio o Instituto sobre el comportamiento del menor, etc.<\/span><\/p>\n<p><span>Un disgusto familiar importante que adem\u00e1s tiene consecuencias penales.<span class=\"Apple-converted-space\">\u00a0<\/span><\/span><\/p>\n<p><span>Por ello, es importante advertir de \u00e9stas consecuencias.<\/span><\/p>\n<p><span>Y si pasa, es importante contar con un abogado experto que pueda negociar con Fiscal\u00eda y el EMA el cierre del expediente, tras una disculpa por escrito y el compromiso de no volver a actuar de dicha manera o similar; y as\u00ed evitar el procedimiento judicial completo.<\/span><\/p>\n<p><span>Hemos superado hace a\u00f1os ya el Curso de Especializaci\u00f3n<span class=\"Apple-converted-space\">\u00a0 <\/span>de Menores del Real e Ilustre Colegio de Abogados de Zaragoza y asistido a numerosos menores ante Fiscal\u00eda de Menores y Juzgados de Menores.<\/span><\/p>\n<p>[\/et_pb_text][\/et_pb_column][\/et_pb_row][\/et_pb_section][et_pb_section fb_built=\u00bb1&#8243; _builder_version=\u00bb4.4.4&#8243; background_color=\u00bb#2f3a47&#8243; custom_padding=\u00bb20px||16px|||\u00bb global_module=\u00bb654&#8243;][et_pb_row _builder_version=\u00bb4.4.2&#8243;][et_pb_column type=\u00bb4_4&#8243; _builder_version=\u00bb4.4.2&#8243;][et_pb_button button_url=\u00bbhttps:\/\/web.gorgees.com\u00bb button_text=\u00bbINICIO\u00bb button_alignment=\u00bbcenter\u00bb _builder_version=\u00bb4.4.4&#8243;][\/et_pb_button][\/et_pb_column][\/et_pb_row][\/et_pb_section]<\/p>\n","protected":false},"excerpt":{"rendered":"<p>[et_pb_section fb_built=\u00bb1&#8243; module_id=\u00bbciviles\u00bb _builder_version=\u00bb4.4.2&#8243; custom_margin=\u00bb||24px|||\u00bb custom_padding=\u00bb0px||0px||false|false\u00bb][et_pb_row _builder_version=\u00bb4.4.2&#8243; custom_margin=\u00bb|auto|-28px|auto||\u00bb custom_padding=\u00bb40px|||||\u00bb][et_pb_column type=\u00bb4_4&#8243; _builder_version=\u00bb4.4.2&#8243;][et_pb_text _builder_version=\u00bb4.4.4&#8243; header_text_align=\u00bbleft\u00bb custom_margin=\u00bb0px|||25px|false|false\u00bb custom_padding=\u00bb|50px|||false|false\u00bb link_option_url=\u00bbhttps:\/\/web.gorgees.com\/index.php\/reclamaciones-civiles\/\u00bb header_font_size_tablet=\u00bb\u00bb header_font_size_phone=\u00bb\u00bb header_font_size_last_edited=\u00bbon|phone\u00bb] DERECHO PENAL [\/et_pb_text][\/et_pb_column][\/et_pb_row][et_pb_row _builder_version=\u00bb4.4.2&#8243; width=\u00bb100%\u00bb custom_padding=\u00bb50px|||||\u00bb][et_pb_column type=\u00bb4_4&#8243; _builder_version=\u00bb4.4.2&#8243;][et_pb_text _builder_version=\u00bb4.4.4&#8243; custom_margin=\u00bb|||25px|false|false\u00bb hover_enabled=\u00bb0&#8243;] DELITOS ECON\u00d3MICOS EMPRESARIALES ESTAFAS ALCOHOLEMIAS VIOLENCIA DE G\u00c9NERO LESIONES MENORES [\/et_pb_text][\/et_pb_column][\/et_pb_row][\/et_pb_section][et_pb_section fb_built=\u00bb1&#8243; next_background_color=\u00bb#ffffff\u00bb module_id=\u00bbdelitoseconomicos\u00bb _builder_version=\u00bb4.4.4&#8243; background_color=\u00bb#996633&#8243; transform_scale=\u00bb122%|122%\u00bb custom_padding=\u00bb14px||99px|||\u00bb bottom_divider_style=\u00bbramp2&#8243;][et_pb_row _builder_version=\u00bb4.4.2&#8243;][et_pb_column type=\u00bb4_4&#8243; _builder_version=\u00bb4.4.2&#8243;][et_pb_text _builder_version=\u00bb4.4.4&#8243; header_2_text_color=\u00bb#ffffff\u00bb custom_margin=\u00bb20px||||false|false\u00bb] [&hellip;]<\/p>\n","protected":false},"author":1,"featured_media":0,"parent":0,"menu_order":0,"comment_status":"closed","ping_status":"closed","template":"","meta":{"_et_pb_use_builder":"on","_et_pb_old_content":"","_et_gb_content_width":""},"yoast_head":"<!-- This site is optimized with the Yoast SEO plugin v16.0.2 - https:\/\/yoast.com\/wordpress\/plugins\/seo\/ -->\n<title>Derecho penal - Gorgees abogados<\/title>\n<link rel=\"canonical\" href=\"https:\/\/web.gorgees.com\/index.php\/derecho-penal\/\" \/>\n<meta property=\"og:locale\" content=\"es_ES\" \/>\n<meta property=\"og:type\" content=\"article\" \/>\n<meta property=\"og:title\" content=\"Derecho penal - Gorgees abogados\" \/>\n<meta property=\"og:description\" content=\"[et_pb_section fb_built=\u00bb1&#8243; module_id=\u00bbciviles\u00bb _builder_version=\u00bb4.4.2&#8243; custom_margin=\u00bb||24px|||\u00bb custom_padding=\u00bb0px||0px||false|false\u00bb][et_pb_row _builder_version=\u00bb4.4.2&#8243; custom_margin=\u00bb|auto|-28px|auto||\u00bb custom_padding=\u00bb40px|||||\u00bb][et_pb_column type=\u00bb4_4&#8243; _builder_version=\u00bb4.4.2&#8243;][et_pb_text _builder_version=\u00bb4.4.4&#8243; header_text_align=\u00bbleft\u00bb custom_margin=\u00bb0px|||25px|false|false\u00bb custom_padding=\u00bb|50px|||false|false\u00bb link_option_url=\u00bbhttps:\/\/web.gorgees.com\/index.php\/reclamaciones-civiles\/\u00bb header_font_size_tablet=\u00bb\u00bb header_font_size_phone=\u00bb\u00bb header_font_size_last_edited=\u00bbon|phone\u00bb] DERECHO PENAL [\/et_pb_text][\/et_pb_column][\/et_pb_row][et_pb_row _builder_version=\u00bb4.4.2&#8243; width=\u00bb100%\u00bb custom_padding=\u00bb50px|||||\u00bb][et_pb_column type=\u00bb4_4&#8243; _builder_version=\u00bb4.4.2&#8243;][et_pb_text _builder_version=\u00bb4.4.4&#8243; custom_margin=\u00bb|||25px|false|false\u00bb hover_enabled=\u00bb0&#8243;] DELITOS ECON\u00d3MICOS EMPRESARIALES ESTAFAS ALCOHOLEMIAS VIOLENCIA DE G\u00c9NERO LESIONES MENORES [\/et_pb_text][\/et_pb_column][\/et_pb_row][\/et_pb_section][et_pb_section fb_built=\u00bb1&#8243; next_background_color=\u00bb#ffffff\u00bb module_id=\u00bbdelitoseconomicos\u00bb _builder_version=\u00bb4.4.4&#8243; background_color=\u00bb#996633&#8243; transform_scale=\u00bb122%|122%\u00bb custom_padding=\u00bb14px||99px|||\u00bb bottom_divider_style=\u00bbramp2&#8243;][et_pb_row _builder_version=\u00bb4.4.2&#8243;][et_pb_column type=\u00bb4_4&#8243; _builder_version=\u00bb4.4.2&#8243;][et_pb_text _builder_version=\u00bb4.4.4&#8243; header_2_text_color=\u00bb#ffffff\u00bb custom_margin=\u00bb20px||||false|false\u00bb] [&hellip;]\" \/>\n<meta property=\"og:url\" content=\"https:\/\/web.gorgees.com\/index.php\/derecho-penal\/\" \/>\n<meta property=\"og:site_name\" content=\"Gorgees abogados\" \/>\n<meta property=\"article:modified_time\" content=\"2020-05-29T09:46:23+00:00\" \/>\n<meta name=\"twitter:card\" content=\"summary_large_image\" \/>\n<meta name=\"twitter:label1\" content=\"Tiempo de lectura\">\n\t<meta name=\"twitter:data1\" content=\"10 minutos\">\n<script type=\"application\/ld+json\" class=\"yoast-schema-graph\">{\"@context\":\"https:\/\/schema.org\",\"@graph\":[{\"@type\":\"WebSite\",\"@id\":\"https:\/\/web.gorgees.com\/#website\",\"url\":\"https:\/\/web.gorgees.com\/\",\"name\":\"Gorgees abogados\",\"description\":\"Bufete de abogados\",\"potentialAction\":[{\"@type\":\"SearchAction\",\"target\":\"https:\/\/web.gorgees.com\/?s={search_term_string}\",\"query-input\":\"required name=search_term_string\"}],\"inLanguage\":\"es\"},{\"@type\":\"WebPage\",\"@id\":\"https:\/\/web.gorgees.com\/index.php\/derecho-penal\/#webpage\",\"url\":\"https:\/\/web.gorgees.com\/index.php\/derecho-penal\/\",\"name\":\"Derecho penal - Gorgees abogados\",\"isPartOf\":{\"@id\":\"https:\/\/web.gorgees.com\/#website\"},\"datePublished\":\"2020-05-29T09:44:01+00:00\",\"dateModified\":\"2020-05-29T09:46:23+00:00\",\"breadcrumb\":{\"@id\":\"https:\/\/web.gorgees.com\/index.php\/derecho-penal\/#breadcrumb\"},\"inLanguage\":\"es\",\"potentialAction\":[{\"@type\":\"ReadAction\",\"target\":[\"https:\/\/web.gorgees.com\/index.php\/derecho-penal\/\"]}]},{\"@type\":\"BreadcrumbList\",\"@id\":\"https:\/\/web.gorgees.com\/index.php\/derecho-penal\/#breadcrumb\",\"itemListElement\":[{\"@type\":\"ListItem\",\"position\":1,\"item\":{\"@type\":\"WebPage\",\"@id\":\"https:\/\/web.gorgees.com\/\",\"url\":\"https:\/\/web.gorgees.com\/\",\"name\":\"Portada\"}},{\"@type\":\"ListItem\",\"position\":2,\"item\":{\"@type\":\"WebPage\",\"@id\":\"https:\/\/web.gorgees.com\/index.php\/derecho-penal\/\",\"url\":\"https:\/\/web.gorgees.com\/index.php\/derecho-penal\/\",\"name\":\"Derecho penal\"}}]}]}<\/script>\n<!-- \/ Yoast SEO plugin. -->","_links":{"self":[{"href":"https:\/\/web.gorgees.com\/index.php\/wp-json\/wp\/v2\/pages\/770"}],"collection":[{"href":"https:\/\/web.gorgees.com\/index.php\/wp-json\/wp\/v2\/pages"}],"about":[{"href":"https:\/\/web.gorgees.com\/index.php\/wp-json\/wp\/v2\/types\/page"}],"author":[{"embeddable":true,"href":"https:\/\/web.gorgees.com\/index.php\/wp-json\/wp\/v2\/users\/1"}],"replies":[{"embeddable":true,"href":"https:\/\/web.gorgees.com\/index.php\/wp-json\/wp\/v2\/comments?post=770"}],"version-history":[{"count":3,"href":"https:\/\/web.gorgees.com\/index.php\/wp-json\/wp\/v2\/pages\/770\/revisions"}],"predecessor-version":[{"id":776,"href":"https:\/\/web.gorgees.com\/index.php\/wp-json\/wp\/v2\/pages\/770\/revisions\/776"}],"wp:attachment":[{"href":"https:\/\/web.gorgees.com\/index.php\/wp-json\/wp\/v2\/media?parent=770"}],"curies":[{"name":"wp","href":"https:\/\/api.w.org\/{rel}","templated":true}]}}